{"id":25510,"date":"2024-07-28T15:36:49","date_gmt":"2024-07-28T15:36:49","guid":{"rendered":"https:\/\/webars.addaw.org\/contact\/"},"modified":"2024-10-20T22:38:49","modified_gmt":"2024-10-20T22:38:49","slug":"contact","status":"publish","type":"page","link":"https:\/\/aiscertificacion.com\/en\/contact\/","title":{"rendered":"Contact"},"content":{"rendered":"\n<div class=\"wp-block-group alignfull is-layout-flow wp-block-group-is-layout-flow\" style=\"margin-bottom:104px\">\n<div class=\"wp-block-columns is-layout-flex wp-container-core-columns-is-layout-6c1444e2 wp-block-columns-is-layout-flex\">\n<div class=\"wp-block-column is-layout-flow wp-block-column-is-layout-flow\" style=\"flex-basis:66.66%\">\n<figure class=\"wp-block-image size-full is-resized like-bg h-fix\"><a href=\"https:\/\/maps.app.goo.gl\/briKMJ8hCuqmgzi3A\" target=\"_blank\" rel=\"noreferrer noopener\"><img loading=\"lazy\" decoding=\"async\" width=\"1166\" height=\"685\" src=\"https:\/\/aiscertificacion.com\/wp-content\/uploads\/2024\/08\/Captura-de-pantalla-2024-08-06-191043.png\" alt=\"\" class=\"wp-image-767\" style=\"width:auto;height:319px\" srcset=\"https:\/\/aiscertificacion.com\/wp-content\/uploads\/2024\/08\/Captura-de-pantalla-2024-08-06-191043.png 1166w, https:\/\/aiscertificacion.com\/wp-content\/uploads\/2024\/08\/Captura-de-pantalla-2024-08-06-191043-300x176.png 300w, https:\/\/aiscertificacion.com\/wp-content\/uploads\/2024\/08\/Captura-de-pantalla-2024-08-06-191043-1024x602.png 1024w, https:\/\/aiscertificacion.com\/wp-content\/uploads\/2024\/08\/Captura-de-pantalla-2024-08-06-191043-768x451.png 768w\" sizes=\"auto, (max-width: 1166px) 100vw, 1166px\" \/><\/a><\/figure>\n\n\n\n<div class=\"wp-block-group padding-mobile-reset has-global-padding is-content-justification-right is-layout-constrained wp-container-core-group-is-layout-81e8c749 wp-block-group-is-layout-constrained\" style=\"padding-top:30px\">\n<h2 class=\"wp-block-heading h3\" id=\"h-find-us-at\">Find us at:<\/h2>\n\n\n\n<div class=\"wp-block-group same-h w-50 is-layout-flex wp-container-core-group-is-layout-9a98aaf4 wp-block-group-is-layout-flex\" style=\"margin-top:0;margin-bottom:0\">\n<div class=\"wp-block-group has-global-padding is-layout-constrained wp-block-group-is-layout-constrained\" style=\"margin-top:20px\">\n<p>Address:<\/p>\n\n\n\n<div class=\"wp-block-group is-nowrap is-layout-flex wp-container-core-group-is-layout-f66f9956 wp-block-group-is-layout-flex\">\n<figure class=\"wp-block-image size-full is-resized baseline\"><img loading=\"lazy\" decoding=\"async\" width=\"24\" height=\"24\" src=\"https:\/\/aiscertificacion.com\/wp-content\/uploads\/2024\/08\/map-pin.svg\" alt=\"\" class=\"wp-image-621\" style=\"object-fit:cover;width:16px;height:16px\"\/><\/figure>\n\n\n\n<p>Calle Orense 37, 1\u00ba<br>28020 Madrid Spain<\/p>\n<\/div>\n<\/div>\n\n\n\n<div class=\"wp-block-group has-global-padding is-layout-constrained wp-block-group-is-layout-constrained\" style=\"margin-top:20px\">\n<p>Phone:<\/p>\n\n\n\n<div class=\"wp-block-group is-nowrap is-layout-flex wp-container-core-group-is-layout-f66f9956 wp-block-group-is-layout-flex\">\n<figure class=\"wp-block-image size-full is-resized baseline\"><img loading=\"lazy\" decoding=\"async\" width=\"16\" height=\"16\" src=\"https:\/\/aiscertificacion.com\/wp-content\/uploads\/2024\/08\/phone1.svg\" alt=\"\" class=\"wp-image-769\" style=\"object-fit:cover;width:16px;height:16px\"\/><\/figure>\n\n\n\n<p>+34 91 536 00 93<\/p>\n<\/div>\n<\/div>\n\n\n\n<div class=\"wp-block-group has-global-padding is-layout-constrained wp-block-group-is-layout-constrained\" style=\"margin-top:20px\">\n<p>Schedule:<\/p>\n\n\n\n<div class=\"wp-block-group is-nowrap is-layout-flex wp-container-core-group-is-layout-f66f9956 wp-block-group-is-layout-flex\">\n<figure class=\"wp-block-image size-full is-resized baseline\"><img loading=\"lazy\" decoding=\"async\" width=\"24\" height=\"24\" src=\"https:\/\/aiscertificacion.com\/wp-content\/uploads\/2024\/08\/clock.svg\" alt=\"\" class=\"wp-image-622\" style=\"object-fit:cover;width:16px;height:16px\"\/><\/figure>\n\n\n\n<p>9:00 a 18:00<\/p>\n<\/div>\n<\/div>\n\n\n\n<div class=\"wp-block-group has-global-padding is-layout-constrained wp-block-group-is-layout-constrained\" style=\"margin-top:20px\">\n<p>Email:<\/p>\n\n\n\n<div class=\"wp-block-group is-nowrap is-layout-flex wp-container-core-group-is-layout-f66f9956 wp-block-group-is-layout-flex\">\n<figure class=\"wp-block-image size-full is-resized baseline\"><img loading=\"lazy\" decoding=\"async\" width=\"16\" height=\"16\" src=\"https:\/\/aiscertificacion.com\/wp-content\/uploads\/2024\/08\/mail1.svg\" alt=\"\" class=\"wp-image-768\" style=\"object-fit:cover;width:16px;height:16px\"\/><\/figure>\n\n\n\n<p>info@arsfundacion.org<\/p>\n<\/div>\n<\/div>\n<\/div>\n<\/div>\n<\/div>\n\n\n\n<div class=\"wp-block-column padding-mobile-reset is-layout-flow wp-block-column-is-layout-flow\" style=\"flex-basis:33.33%\">\n<h1 class=\"wp-block-heading h2\" id=\"h-contact-us-at\" style=\"margin-top:var(--wp--preset--spacing--30)\">Contact us at<\/h1>\n\n\n\n<div class=\"wp-block-group has-global-padding is-layout-constrained wp-container-core-group-is-layout-19ba52b1 wp-block-group-is-layout-constrained\">\n<iframe style=\"width: 100%; margin-top: 0; border: 0; max-width: 400px; height: 710px; margin-bottom: -6px;\" id=\"inlineFrameExample\" title=\"Registration form\" src=\"https:\/\/portal-ars.addaw.org\/en\/contacto-publico\">\n<\/iframe>\n<\/div>\n<\/div>\n<\/div>\n<\/div>\n","protected":false},"excerpt":{"rendered":"<p>Find us at: Address: Calle Orense 37, 1\u00ba28020 Madrid Spain Phone: +34 91 536 00 93 Schedule: 9:00 a 18:00 Email: info@arsfundacion.org Contact us at<\/p>\n","protected":false},"author":1,"featured_media":0,"parent":0,"menu_order":0,"comment_status":"closed","ping_status":"closed","template":"","meta":{"footnotes":""},"class_list":["post-25510","page","type-page","status-publish","hentry"],"yoast_head":"<!-- This site is optimized with the Yoast SEO Premium plugin v26.8 (Yoast SEO v26.8) - https:\/\/yoast.com\/product\/yoast-seo-premium-wordpress\/ -->\n<title>Contact - AIS Certificaci\u00f3n<\/title>\n<meta name=\"description\" content=\"Contact: address and opening hours in Madrid, Spain. We are located at Calle Orense 37, 1\u00ba and open from 9:00 to 18:00.\" \/>\n<meta name=\"robots\" content=\"index, follow, max-snippet:-1, max-image-preview:large, max-video-preview:-1\" \/>\n<link rel=\"canonical\" href=\"https:\/\/aiscertificacion.com\/en\/contact\/\" \/>\n<meta property=\"og:locale\" content=\"en_US\" \/>\n<meta property=\"og:type\" content=\"article\" \/>\n<meta property=\"og:title\" content=\"Contact\" \/>\n<meta property=\"og:description\" content=\"Contact: address and opening hours in Madrid, Spain. We are located at Calle Orense 37, 1\u00ba and open from 9:00 to 18:00.\" \/>\n<meta property=\"og:url\" content=\"https:\/\/aiscertificacion.com\/en\/contact\/\" \/>\n<meta property=\"og:site_name\" content=\"AIS Certificaci\u00f3n\" \/>\n<meta property=\"article:modified_time\" content=\"2024-10-20T22:38:49+00:00\" \/>\n<meta property=\"og:image\" content=\"https:\/\/aiscertificacion.com\/wp-content\/uploads\/2024\/08\/Captura-de-pantalla-2024-08-06-191043.png\" \/>\n\t<meta property=\"og:image:width\" content=\"1166\" \/>\n\t<meta property=\"og:image:height\" content=\"685\" \/>\n\t<meta property=\"og:image:type\" content=\"image\/png\" \/>\n<meta name=\"twitter:card\" content=\"summary_large_image\" \/>\n<meta name=\"twitter:site\" content=\"@aiscertificate\" \/>\n<meta name=\"twitter:label1\" content=\"Est. reading time\" \/>\n\t<meta name=\"twitter:data1\" content=\"2 minutes\" \/>\n<script type=\"application\/ld+json\" class=\"yoast-schema-graph\">{\"@context\":\"https:\/\/schema.org\",\"@graph\":[{\"@type\":\"WebPage\",\"@id\":\"https:\/\/aiscertificacion.com\/en\/contact\/\",\"url\":\"https:\/\/aiscertificacion.com\/en\/contact\/\",\"name\":\"Contact - AIS Certificaci\u00f3n\",\"isPartOf\":{\"@id\":\"https:\/\/aiscertificacion.com\/en\/#website\"},\"primaryImageOfPage\":{\"@id\":\"https:\/\/aiscertificacion.com\/en\/contact\/#primaryimage\"},\"image\":{\"@id\":\"https:\/\/aiscertificacion.com\/en\/contact\/#primaryimage\"},\"thumbnailUrl\":\"https:\/\/aiscertificacion.com\/wp-content\/uploads\/2024\/08\/Captura-de-pantalla-2024-08-06-191043.png\",\"datePublished\":\"2024-07-28T15:36:49+00:00\",\"dateModified\":\"2024-10-20T22:38:49+00:00\",\"description\":\"Contact: address and opening hours in Madrid, Spain. We are located at Calle Orense 37, 1\u00ba and open from 9:00 to 18:00.\",\"breadcrumb\":{\"@id\":\"https:\/\/aiscertificacion.com\/en\/contact\/#breadcrumb\"},\"inLanguage\":\"en-US\",\"potentialAction\":[{\"@type\":\"ReadAction\",\"target\":[\"https:\/\/aiscertificacion.com\/en\/contact\/\"]}]},{\"@type\":\"ImageObject\",\"inLanguage\":\"en-US\",\"@id\":\"https:\/\/aiscertificacion.com\/en\/contact\/#primaryimage\",\"url\":\"https:\/\/aiscertificacion.com\/wp-content\/uploads\/2024\/08\/Captura-de-pantalla-2024-08-06-191043.png\",\"contentUrl\":\"https:\/\/aiscertificacion.com\/wp-content\/uploads\/2024\/08\/Captura-de-pantalla-2024-08-06-191043.png\"},{\"@type\":\"BreadcrumbList\",\"@id\":\"https:\/\/aiscertificacion.com\/en\/contact\/#breadcrumb\",\"itemListElement\":[{\"@type\":\"ListItem\",\"position\":1,\"name\":\"Portada\",\"item\":\"https:\/\/aiscertificacion.com\/en\/\"},{\"@type\":\"ListItem\",\"position\":2,\"name\":\"Contact\"}]},{\"@type\":\"WebSite\",\"@id\":\"https:\/\/aiscertificacion.com\/en\/#website\",\"url\":\"https:\/\/aiscertificacion.com\/en\/\",\"name\":\"AIS Certificaci\u00f3n\",\"description\":\"AIS Certificaci\u00f3n ofrece servicios especializados en accesibilidad, tanto f\u00edsica como digital, garantizando el cumplimiento de normativas internacionales. A trav\u00e9s de sus certificaciones, ayudan a las organizaciones a crear entornos inclusivos, mejorando la experiencia de todas las personas, incluidas aquellas con discapacidades, y asegurando que sus instalaciones y plataformas digitales sean accesibles para todos.\",\"publisher\":{\"@id\":\"https:\/\/aiscertificacion.com\/en\/#organization\"},\"alternateName\":\"AIS\",\"potentialAction\":[{\"@type\":\"SearchAction\",\"target\":{\"@type\":\"EntryPoint\",\"urlTemplate\":\"https:\/\/aiscertificacion.com\/en\/?s={search_term_string}\"},\"query-input\":{\"@type\":\"PropertyValueSpecification\",\"valueRequired\":true,\"valueName\":\"search_term_string\"}}],\"inLanguage\":\"en-US\"},{\"@type\":\"Organization\",\"@id\":\"https:\/\/aiscertificacion.com\/en\/#organization\",\"name\":\"AIS Certificaci\u00f3n\",\"alternateName\":\"AIS\",\"url\":\"https:\/\/aiscertificacion.com\/en\/\",\"logo\":{\"@type\":\"ImageObject\",\"inLanguage\":\"en-US\",\"@id\":\"https:\/\/aiscertificacion.com\/en\/#\/schema\/logo\/image\/\",\"url\":\"https:\/\/aiscertificacion.com\/wp-content\/uploads\/2024\/07\/cropped-Logo-AIS.png\",\"contentUrl\":\"https:\/\/aiscertificacion.com\/wp-content\/uploads\/2024\/07\/cropped-Logo-AIS.png\",\"width\":512,\"height\":512,\"caption\":\"AIS Certificaci\u00f3n\"},\"image\":{\"@id\":\"https:\/\/aiscertificacion.com\/en\/#\/schema\/logo\/image\/\"},\"sameAs\":[\"https:\/\/x.com\/aiscertificate\",\"https:\/\/www.youtube.com\/channel\/UCPDJy-hzmTRWhI1uTTeek5Q\",\"https:\/\/www.linkedin.com\/showcase\/aiscertificacion\/posts\/?feedView=all\"]}]}<\/script>\n<!-- \/ Yoast SEO Premium plugin. -->","yoast_head_json":{"title":"Contact - AIS Certificaci\u00f3n","description":"Contact: address and opening hours in Madrid, Spain. We are located at Calle Orense 37, 1\u00ba and open from 9:00 to 18:00.","robots":{"index":"index","follow":"follow","max-snippet":"max-snippet:-1","max-image-preview":"max-image-preview:large","max-video-preview":"max-video-preview:-1"},"canonical":"https:\/\/aiscertificacion.com\/en\/contact\/","og_locale":"en_US","og_type":"article","og_title":"Contact","og_description":"Contact: address and opening hours in Madrid, Spain. We are located at Calle Orense 37, 1\u00ba and open from 9:00 to 18:00.","og_url":"https:\/\/aiscertificacion.com\/en\/contact\/","og_site_name":"AIS Certificaci\u00f3n","article_modified_time":"2024-10-20T22:38:49+00:00","og_image":[{"width":1166,"height":685,"url":"https:\/\/aiscertificacion.com\/wp-content\/uploads\/2024\/08\/Captura-de-pantalla-2024-08-06-191043.png","type":"image\/png"}],"twitter_card":"summary_large_image","twitter_site":"@aiscertificate","twitter_misc":{"Est. reading time":"2 minutes"},"schema":{"@context":"https:\/\/schema.org","@graph":[{"@type":"WebPage","@id":"https:\/\/aiscertificacion.com\/en\/contact\/","url":"https:\/\/aiscertificacion.com\/en\/contact\/","name":"Contact - AIS Certificaci\u00f3n","isPartOf":{"@id":"https:\/\/aiscertificacion.com\/en\/#website"},"primaryImageOfPage":{"@id":"https:\/\/aiscertificacion.com\/en\/contact\/#primaryimage"},"image":{"@id":"https:\/\/aiscertificacion.com\/en\/contact\/#primaryimage"},"thumbnailUrl":"https:\/\/aiscertificacion.com\/wp-content\/uploads\/2024\/08\/Captura-de-pantalla-2024-08-06-191043.png","datePublished":"2024-07-28T15:36:49+00:00","dateModified":"2024-10-20T22:38:49+00:00","description":"Contact: address and opening hours in Madrid, Spain. We are located at Calle Orense 37, 1\u00ba and open from 9:00 to 18:00.","breadcrumb":{"@id":"https:\/\/aiscertificacion.com\/en\/contact\/#breadcrumb"},"inLanguage":"en-US","potentialAction":[{"@type":"ReadAction","target":["https:\/\/aiscertificacion.com\/en\/contact\/"]}]},{"@type":"ImageObject","inLanguage":"en-US","@id":"https:\/\/aiscertificacion.com\/en\/contact\/#primaryimage","url":"https:\/\/aiscertificacion.com\/wp-content\/uploads\/2024\/08\/Captura-de-pantalla-2024-08-06-191043.png","contentUrl":"https:\/\/aiscertificacion.com\/wp-content\/uploads\/2024\/08\/Captura-de-pantalla-2024-08-06-191043.png"},{"@type":"BreadcrumbList","@id":"https:\/\/aiscertificacion.com\/en\/contact\/#breadcrumb","itemListElement":[{"@type":"ListItem","position":1,"name":"Portada","item":"https:\/\/aiscertificacion.com\/en\/"},{"@type":"ListItem","position":2,"name":"Contact"}]},{"@type":"WebSite","@id":"https:\/\/aiscertificacion.com\/en\/#website","url":"https:\/\/aiscertificacion.com\/en\/","name":"AIS Certificaci\u00f3n","description":"AIS Certificaci\u00f3n ofrece servicios especializados en accesibilidad, tanto f\u00edsica como digital, garantizando el cumplimiento de normativas internacionales. A trav\u00e9s de sus certificaciones, ayudan a las organizaciones a crear entornos inclusivos, mejorando la experiencia de todas las personas, incluidas aquellas con discapacidades, y asegurando que sus instalaciones y plataformas digitales sean accesibles para todos.","publisher":{"@id":"https:\/\/aiscertificacion.com\/en\/#organization"},"alternateName":"AIS","potentialAction":[{"@type":"SearchAction","target":{"@type":"EntryPoint","urlTemplate":"https:\/\/aiscertificacion.com\/en\/?s={search_term_string}"},"query-input":{"@type":"PropertyValueSpecification","valueRequired":true,"valueName":"search_term_string"}}],"inLanguage":"en-US"},{"@type":"Organization","@id":"https:\/\/aiscertificacion.com\/en\/#organization","name":"AIS Certificaci\u00f3n","alternateName":"AIS","url":"https:\/\/aiscertificacion.com\/en\/","logo":{"@type":"ImageObject","inLanguage":"en-US","@id":"https:\/\/aiscertificacion.com\/en\/#\/schema\/logo\/image\/","url":"https:\/\/aiscertificacion.com\/wp-content\/uploads\/2024\/07\/cropped-Logo-AIS.png","contentUrl":"https:\/\/aiscertificacion.com\/wp-content\/uploads\/2024\/07\/cropped-Logo-AIS.png","width":512,"height":512,"caption":"AIS Certificaci\u00f3n"},"image":{"@id":"https:\/\/aiscertificacion.com\/en\/#\/schema\/logo\/image\/"},"sameAs":["https:\/\/x.com\/aiscertificate","https:\/\/www.youtube.com\/channel\/UCPDJy-hzmTRWhI1uTTeek5Q","https:\/\/www.linkedin.com\/showcase\/aiscertificacion\/posts\/?feedView=all"]}]}},"_links":{"self":[{"href":"https:\/\/aiscertificacion.com\/en\/wp-json\/wp\/v2\/pages\/25510","targetHints":{"allow":["GET"]}}],"collection":[{"href":"https:\/\/aiscertificacion.com\/en\/wp-json\/wp\/v2\/pages"}],"about":[{"href":"https:\/\/aiscertificacion.com\/en\/wp-json\/wp\/v2\/types\/page"}],"author":[{"embeddable":true,"href":"https:\/\/aiscertificacion.com\/en\/wp-json\/wp\/v2\/users\/1"}],"replies":[{"embeddable":true,"href":"https:\/\/aiscertificacion.com\/en\/wp-json\/wp\/v2\/comments?post=25510"}],"version-history":[{"count":2,"href":"https:\/\/aiscertificacion.com\/en\/wp-json\/wp\/v2\/pages\/25510\/revisions"}],"predecessor-version":[{"id":25590,"href":"https:\/\/aiscertificacion.com\/en\/wp-json\/wp\/v2\/pages\/25510\/revisions\/25590"}],"wp:attachment":[{"href":"https:\/\/aiscertificacion.com\/en\/wp-json\/wp\/v2\/media?parent=25510"}],"curies":[{"name":"wp","href":"https:\/\/api.w.org\/{rel}","templated":true}]}}