{"id":25512,"date":"2024-08-03T17:14:16","date_gmt":"2024-08-03T17:14:16","guid":{"rendered":"https:\/\/webars.addaw.org\/certify-a-product\/"},"modified":"2024-10-20T22:21:05","modified_gmt":"2024-10-20T22:21:05","slug":"certify-a-product","status":"publish","type":"page","link":"https:\/\/aiscertificacion.com\/en\/certify-a-product\/","title":{"rendered":"Certify a product"},"content":{"rendered":"\n<div class=\"wp-block-group alignfull wrap-mobile has-base-2-color has-text-color has-background has-link-color wp-elements-ab4015a72c15685a0980c0f789d0f6b3 is-nowrap is-layout-flex wp-container-core-group-is-layout-6c531013 wp-block-group-is-layout-flex\" id=\"generacion-a\" style=\"background-color:#297528\">\n<figure class=\"wp-block-image size-large width-100-mobile wp-container-content-0733e5d0\"><img loading=\"lazy\" decoding=\"async\" width=\"1024\" height=\"934\" src=\"https:\/\/aiscertificacion.com\/wp-content\/uploads\/2024\/08\/young-confident-businessman-pointing-at-laptop-scr-2023-11-27-05-24-51-utc-12-1024x934.png\" alt=\"\" class=\"wp-image-525\" srcset=\"https:\/\/aiscertificacion.com\/wp-content\/uploads\/2024\/08\/young-confident-businessman-pointing-at-laptop-scr-2023-11-27-05-24-51-utc-12-1024x934.png 1024w, https:\/\/aiscertificacion.com\/wp-content\/uploads\/2024\/08\/young-confident-businessman-pointing-at-laptop-scr-2023-11-27-05-24-51-utc-12-300x274.png 300w, https:\/\/aiscertificacion.com\/wp-content\/uploads\/2024\/08\/young-confident-businessman-pointing-at-laptop-scr-2023-11-27-05-24-51-utc-12-768x700.png 768w, https:\/\/aiscertificacion.com\/wp-content\/uploads\/2024\/08\/young-confident-businessman-pointing-at-laptop-scr-2023-11-27-05-24-51-utc-12-1536x1401.png 1536w, https:\/\/aiscertificacion.com\/wp-content\/uploads\/2024\/08\/young-confident-businessman-pointing-at-laptop-scr-2023-11-27-05-24-51-utc-12.png 1678w\" sizes=\"auto, (max-width: 1024px) 100vw, 1024px\" \/><\/figure>\n\n\n<div class=\"wp-block-group padding-mobile-reset has-global-padding is-layout-constrained wp-container-core-group-is-layout-ab3eb652 wp-block-group-is-layout-constrained\" style=\"padding-right:42px;padding-left:42px\">\n<div class=\"wp-block-group is-layout-flex wp-container-core-group-is-layout-e3f6be67 wp-block-group-is-layout-flex\">\n<h1 class=\"wp-block-heading has-base-2-color has-text-color has-link-color wp-elements-7795e27145942a341c58baa13e98ea82\" id=\"h-certificar-un-producto\" style=\"font-size:clamp(2.2rem, 2.2rem + ((1vw - 0.2rem) * 2.569), 4rem);font-style:normal;font-weight:700\">Certify<br\/>a product<\/h1>\n<\/div>\n\n\n\n<p class=\"con-a-de-ars\" style=\"font-size:clamp(0.984rem, 0.984rem + ((1vw - 0.2rem) * 0.736), 1.5rem);\">Accessibility permeating the whole of society<\/p>\n<\/div>\n<\/div>\n\n<div class=\"wp-block-group has-global-padding is-layout-constrained wp-container-core-group-is-layout-e76d2dfa wp-block-group-is-layout-constrained\" style=\"margin-top:71px\">\n<h2 class=\"wp-block-heading has-text-align-center h2\" id=\"h-norma-ais-3-2023\">AIS Standard 3\/2023<\/h2>\n\n\n\n<p class=\"has-text-align-center h3\" style=\"font-size:clamp(19.481px, 1.218rem + ((1vw - 3.2px) * 1.028), 31px);\">Verifies the accessibility conditions of a product and its usability by stakeholders.<\/p>\n\n\n\n<p class=\"has-text-align-center h4\" style=\"font-size:clamp(14.642px, 0.915rem + ((1vw - 3.2px) * 0.656), 22px);\">Working with manufacturers allows us to provide society with the tools that<br\/>needs to advance the inclusion of all people.<\/p>\n<\/div>\n\n<div class=\"wp-block-group has-global-padding is-layout-constrained wp-container-core-group-is-layout-e76d2dfa wp-block-group-is-layout-constrained\" style=\"margin-top:71px\">\n<h2 class=\"wp-block-heading has-text-align-center h2\" id=\"h-como-certificar-un-producto\">How to certify a product<\/h2>\n<\/div>\n\n<div class=\"wp-block-group alignfull has-global-padding is-layout-constrained wp-block-group-is-layout-constrained\" id=\"tarjetas-idi-contenedor\" style=\"margin-top:56px;margin-bottom:88px\">\n<div class=\"wp-block-gutsliders-any-content gutslider-950b5a3f nav_outside nav_cc\" data-swiper-options=\"{&quot;slidesPerView&quot;:1,&quot;spaceBetween&quot;:0,&quot;loop&quot;:true,&quot;autoplay&quot;:false,&quot;speed&quot;:1000,&quot;navigation&quot;:{&quot;nextEl&quot;:&quot;.gutslider-950b5a3f .swiper-button-next&quot;,&quot;prevEl&quot;:&quot;.gutslider-950b5a3f .swiper-button-prev&quot;},&quot;pagination&quot;:{&quot;el&quot;:&quot;.gutslider-950b5a3f .swiper-pagination&quot;,&quot;type&quot;:&quot;bullets&quot;,&quot;dynamicBullets&quot;:false,&quot;clickable&quot;:true},&quot;effect&quot;:&quot;slide&quot;,&quot;creativeEffect&quot;:{&quot;prev&quot;:{&quot;shadow&quot;:true,&quot;translate&quot;:[&quot;-20%&quot;,0,-1]},&quot;next&quot;:{&quot;translate&quot;:[&quot;100%&quot;,0,0]}},&quot;keyboard&quot;:{&quot;enabled&quot;:false},&quot;mousewheel&quot;:false,&quot;breakpoints&quot;:{&quot;400&quot;:{&quot;slidesPerView&quot;:1,&quot;spaceBetween&quot;:0},&quot;600&quot;:{&quot;slidesPerView&quot;:2,&quot;spaceBetween&quot;:15},&quot;1025&quot;:{&quot;slidesPerView&quot;:&quot;2&quot;,&quot;spaceBetween&quot;:24}}}\"><div class=\"swiper\"><div class=\"swiper-wrapper\">\n<div class=\"wp-block-gutsliders-slide swiper-slide\"><div class=\"swiper-container-outer\" style=\"background-color:#efefef;background-image:url();background-size:cover;background-position:center center;background-repeat:no-repeat\"><div class=\"gutslider-content-inner\">\n<div class=\"tarjeta-amarilla\">\n\n<h3><a class=\"flex\" href=\"https:\/\/aiscertificacion.com\/en\/contact\/\"><span class=\"burbuja h2\">1<\/span><span>Request information here<\/span><\/a><\/h3>\n\n<\/div>\n<\/div><\/div><\/div>\n\n\n\n<div class=\"wp-block-gutsliders-slide swiper-slide\"><div class=\"swiper-container-outer\" style=\"background-color:#efefef;background-image:url();background-size:cover;background-position:center center;background-repeat:no-repeat\"><div class=\"gutslider-content-inner\">\n<div class=\"tarjeta-amarilla\">\n\n<h3 class=\"flex\"><span class=\"burbuja h2\">2<\/span><span>ARS Foundation file registration<\/span><\/h3>\n<\/div>\n<\/div><\/div><\/div>\n\n\n\n<div class=\"wp-block-gutsliders-slide swiper-slide\"><div class=\"swiper-container-outer\" style=\"background-color:#efefef;background-image:url();background-size:cover;background-position:center center;background-repeat:no-repeat\"><div class=\"gutslider-content-inner\">\n<div class=\"tarjeta-amarilla\">\n\n<h3 class=\"flex\"><span class=\"burbuja h2\">3<\/span><span>Ad hoc study of each product by the ARS Foundation Accessibility Lab.<\/span><\/h3>\n<\/div>\n<\/div><\/div><\/div>\n\n\n\n<div class=\"wp-block-gutsliders-slide swiper-slide\"><div class=\"swiper-container-outer\" style=\"background-color:#efefef;background-image:url();background-size:cover;background-position:center center;background-repeat:no-repeat\"><div class=\"gutslider-content-inner\">\n<div class=\"tarjeta-amarilla\">\n<h3 class=\"flex\">\n<span class=\"burbuja h2\">4<\/span><span> Action plan to be implemented by the manufacturer. <\/span> \n<\/h3>\n<\/div>\n<\/div><\/div><\/div>\n\n\n\n<div class=\"wp-block-gutsliders-slide swiper-slide\"><div class=\"swiper-container-outer\" style=\"background-color:#efefef;background-image:url();background-size:cover;background-position:center center;background-repeat:no-repeat\"><div class=\"gutslider-content-inner\">\n<div class=\"tarjeta-amarilla\">\n<h3 class=\"flex\">\n<span class=\"burbuja h2\">5<\/span><span> Analysis of results by an Audit Technician. <\/span> \n<\/h3>\n<\/div>\n<\/div><\/div><\/div>\n\n\n\n<div class=\"wp-block-gutsliders-slide swiper-slide\"><div class=\"swiper-container-outer\" style=\"background-color:#efefef;background-image:url();background-size:cover;background-position:center center;background-repeat:no-repeat\"><div class=\"gutslider-content-inner\">\n<div class=\"tarjeta-amarilla\">\n<h3 class=\"flex\">\n<span class=\"burbuja h2\">6<\/span><span> Accessibility report proposal. <\/span> \n<\/h3>\n<\/div>\n<\/div><\/div><\/div>\n\n\n\n<div class=\"wp-block-gutsliders-slide swiper-slide\"><div class=\"swiper-container-outer\" style=\"background-color:#efefef;background-image:url();background-size:cover;background-position:center center;background-repeat:no-repeat\"><div class=\"gutslider-content-inner\">\n<div class=\"tarjeta-amarilla\">\n<h3 class=\"flex\">\n<span class=\"burbuja h2\">7<\/span><span> Approval of the certificate by the Examining Committee. <\/span> \n<\/h3>\n<\/div>\n<\/div><\/div><\/div>\n<\/div><div class=\"swiper-pagination\"><\/div><\/div><div class=\"gutslider-nav nav_outside nav_cc\"><div class=\"swiper-button-prev\"><\/div><div class=\"swiper-button-next\"><\/div><\/div><\/div>\n<\/div>\n\n<div class=\"wp-block-group has-global-padding is-layout-constrained wp-container-core-group-is-layout-e76d2dfa wp-block-group-is-layout-constrained\" style=\"margin-top:71px\">\n<h2 class=\"wp-block-heading has-text-align-center h2\" id=\"h-casos-de-exito\">Success stories<\/h2>\n\n\n\n<div class=\"wp-block-group same-h w-50 is-nowrap is-layout-flex wp-container-core-group-is-layout-05c1c349 wp-block-group-is-layout-flex\" style=\"margin-top:42px;margin-bottom:98px\">\n<figure class=\"wp-block-image size-full is-resized\"><img loading=\"lazy\" decoding=\"async\" width=\"930\" height=\"621\" src=\"https:\/\/aiscertificacion.com\/wp-content\/uploads\/2024\/08\/image002-1.png\" alt=\"\" class=\"wp-image-526\" style=\"width:500px;height:auto\" srcset=\"https:\/\/aiscertificacion.com\/wp-content\/uploads\/2024\/08\/image002-1.png 930w, https:\/\/aiscertificacion.com\/wp-content\/uploads\/2024\/08\/image002-1-300x200.png 300w, https:\/\/aiscertificacion.com\/wp-content\/uploads\/2024\/08\/image002-1-768x513.png 768w\" sizes=\"auto, (max-width: 930px) 100vw, 930px\" \/><figcaption class=\"wp-element-caption\">Podotactile routing.<\/figcaption><\/figure>\n\n\n<figure class=\"wp-block-image size-full\"><img loading=\"lazy\" decoding=\"async\" width=\"932\" height=\"621\" src=\"https:\/\/aiscertificacion.com\/wp-content\/uploads\/2024\/08\/image003-1.png\" alt=\"\" class=\"wp-image-527\" srcset=\"https:\/\/aiscertificacion.com\/wp-content\/uploads\/2024\/08\/image003-1.png 932w, https:\/\/aiscertificacion.com\/wp-content\/uploads\/2024\/08\/image003-1-300x200.png 300w, https:\/\/aiscertificacion.com\/wp-content\/uploads\/2024\/08\/image003-1-768x512.png 768w\" sizes=\"auto, (max-width: 932px) 100vw, 932px\" \/><figcaption class=\"wp-element-caption\">Accessible signage.<\/figcaption><\/figure><\/div>\n<\/div>\n","protected":false},"excerpt":{"rendered":"<p>Certifya product Accessibility permeating the whole of society AIS Standard 3\/2023 Verifies the accessibility conditions of a product and its usability by stakeholders. Working with manufacturers allows us to provide society with the tools thatneeds to advance the inclusion of all people. How to certify a product Success stories<\/p>\n","protected":false},"author":1,"featured_media":0,"parent":0,"menu_order":0,"comment_status":"closed","ping_status":"closed","template":"","meta":{"footnotes":""},"class_list":["post-25512","page","type-page","status-publish","hentry"],"yoast_head":"<!-- This site is optimized with the Yoast SEO Premium plugin v26.8 (Yoast SEO v26.8) - https:\/\/yoast.com\/product\/yoast-seo-premium-wordpress\/ -->\n<title>To certify the accessibility of a product - AIS Certificaci\u00f3n<\/title>\n<meta name=\"description\" content=\"Discover how to certify a product to ensure its accessibility and usability for all users.\" \/>\n<meta name=\"robots\" content=\"index, follow, max-snippet:-1, max-image-preview:large, max-video-preview:-1\" \/>\n<link rel=\"canonical\" href=\"https:\/\/aiscertificacion.com\/en\/certify-a-product\/\" \/>\n<meta property=\"og:locale\" content=\"en_US\" \/>\n<meta property=\"og:type\" content=\"article\" \/>\n<meta property=\"og:title\" content=\"Certify a product\" \/>\n<meta property=\"og:description\" content=\"Discover how to certify a product to ensure its accessibility and usability for all users.\" \/>\n<meta property=\"og:url\" content=\"https:\/\/aiscertificacion.com\/en\/certify-a-product\/\" \/>\n<meta property=\"og:site_name\" content=\"AIS Certificaci\u00f3n\" \/>\n<meta property=\"article:modified_time\" content=\"2024-10-20T22:21:05+00:00\" \/>\n<meta property=\"og:image\" content=\"https:\/\/aiscertificacion.com\/wp-content\/uploads\/2024\/08\/young-confident-businessman-pointing-at-laptop-scr-2023-11-27-05-24-51-utc-12-1024x934.png\" \/>\n\t<meta property=\"og:image:width\" content=\"1024\" \/>\n\t<meta property=\"og:image:height\" content=\"934\" \/>\n\t<meta property=\"og:image:type\" content=\"image\/png\" \/>\n<meta name=\"twitter:card\" content=\"summary_large_image\" \/>\n<meta name=\"twitter:site\" content=\"@aiscertificate\" \/>\n<script type=\"application\/ld+json\" class=\"yoast-schema-graph\">{\"@context\":\"https:\/\/schema.org\",\"@graph\":[{\"@type\":\"WebPage\",\"@id\":\"https:\/\/aiscertificacion.com\/en\/certify-a-product\/\",\"url\":\"https:\/\/aiscertificacion.com\/en\/certify-a-product\/\",\"name\":\"To certify the accessibility of a product - AIS Certificaci\u00f3n\",\"isPartOf\":{\"@id\":\"https:\/\/aiscertificacion.com\/en\/#website\"},\"primaryImageOfPage\":{\"@id\":\"https:\/\/aiscertificacion.com\/en\/certify-a-product\/#primaryimage\"},\"image\":{\"@id\":\"https:\/\/aiscertificacion.com\/en\/certify-a-product\/#primaryimage\"},\"thumbnailUrl\":\"https:\/\/aiscertificacion.com\/wp-content\/uploads\/2024\/08\/young-confident-businessman-pointing-at-laptop-scr-2023-11-27-05-24-51-utc-12-1024x934.png\",\"datePublished\":\"2024-08-03T17:14:16+00:00\",\"dateModified\":\"2024-10-20T22:21:05+00:00\",\"description\":\"Discover how to certify a product to ensure its accessibility and usability for all users.\",\"breadcrumb\":{\"@id\":\"https:\/\/aiscertificacion.com\/en\/certify-a-product\/#breadcrumb\"},\"inLanguage\":\"en-US\",\"potentialAction\":[{\"@type\":\"ReadAction\",\"target\":[\"https:\/\/aiscertificacion.com\/en\/certify-a-product\/\"]}]},{\"@type\":\"ImageObject\",\"inLanguage\":\"en-US\",\"@id\":\"https:\/\/aiscertificacion.com\/en\/certify-a-product\/#primaryimage\",\"url\":\"https:\/\/aiscertificacion.com\/wp-content\/uploads\/2024\/08\/young-confident-businessman-pointing-at-laptop-scr-2023-11-27-05-24-51-utc-12-1024x934.png\",\"contentUrl\":\"https:\/\/aiscertificacion.com\/wp-content\/uploads\/2024\/08\/young-confident-businessman-pointing-at-laptop-scr-2023-11-27-05-24-51-utc-12-1024x934.png\"},{\"@type\":\"BreadcrumbList\",\"@id\":\"https:\/\/aiscertificacion.com\/en\/certify-a-product\/#breadcrumb\",\"itemListElement\":[{\"@type\":\"ListItem\",\"position\":1,\"name\":\"Portada\",\"item\":\"https:\/\/aiscertificacion.com\/en\/\"},{\"@type\":\"ListItem\",\"position\":2,\"name\":\"Certify a product\"}]},{\"@type\":\"WebSite\",\"@id\":\"https:\/\/aiscertificacion.com\/en\/#website\",\"url\":\"https:\/\/aiscertificacion.com\/en\/\",\"name\":\"AIS Certificaci\u00f3n\",\"description\":\"AIS Certificaci\u00f3n ofrece servicios especializados en accesibilidad, tanto f\u00edsica como digital, garantizando el cumplimiento de normativas internacionales. A trav\u00e9s de sus certificaciones, ayudan a las organizaciones a crear entornos inclusivos, mejorando la experiencia de todas las personas, incluidas aquellas con discapacidades, y asegurando que sus instalaciones y plataformas digitales sean accesibles para todos.\",\"publisher\":{\"@id\":\"https:\/\/aiscertificacion.com\/en\/#organization\"},\"alternateName\":\"AIS\",\"potentialAction\":[{\"@type\":\"SearchAction\",\"target\":{\"@type\":\"EntryPoint\",\"urlTemplate\":\"https:\/\/aiscertificacion.com\/en\/?s={search_term_string}\"},\"query-input\":{\"@type\":\"PropertyValueSpecification\",\"valueRequired\":true,\"valueName\":\"search_term_string\"}}],\"inLanguage\":\"en-US\"},{\"@type\":\"Organization\",\"@id\":\"https:\/\/aiscertificacion.com\/en\/#organization\",\"name\":\"AIS Certificaci\u00f3n\",\"alternateName\":\"AIS\",\"url\":\"https:\/\/aiscertificacion.com\/en\/\",\"logo\":{\"@type\":\"ImageObject\",\"inLanguage\":\"en-US\",\"@id\":\"https:\/\/aiscertificacion.com\/en\/#\/schema\/logo\/image\/\",\"url\":\"https:\/\/aiscertificacion.com\/wp-content\/uploads\/2024\/07\/cropped-Logo-AIS.png\",\"contentUrl\":\"https:\/\/aiscertificacion.com\/wp-content\/uploads\/2024\/07\/cropped-Logo-AIS.png\",\"width\":512,\"height\":512,\"caption\":\"AIS Certificaci\u00f3n\"},\"image\":{\"@id\":\"https:\/\/aiscertificacion.com\/en\/#\/schema\/logo\/image\/\"},\"sameAs\":[\"https:\/\/x.com\/aiscertificate\",\"https:\/\/www.youtube.com\/channel\/UCPDJy-hzmTRWhI1uTTeek5Q\",\"https:\/\/www.linkedin.com\/showcase\/aiscertificacion\/posts\/?feedView=all\"]}]}<\/script>\n<!-- \/ Yoast SEO Premium plugin. -->","yoast_head_json":{"title":"To certify the accessibility of a product - AIS Certificaci\u00f3n","description":"Discover how to certify a product to ensure its accessibility and usability for all users.","robots":{"index":"index","follow":"follow","max-snippet":"max-snippet:-1","max-image-preview":"max-image-preview:large","max-video-preview":"max-video-preview:-1"},"canonical":"https:\/\/aiscertificacion.com\/en\/certify-a-product\/","og_locale":"en_US","og_type":"article","og_title":"Certify a product","og_description":"Discover how to certify a product to ensure its accessibility and usability for all users.","og_url":"https:\/\/aiscertificacion.com\/en\/certify-a-product\/","og_site_name":"AIS Certificaci\u00f3n","article_modified_time":"2024-10-20T22:21:05+00:00","og_image":[{"width":1024,"height":934,"url":"https:\/\/aiscertificacion.com\/wp-content\/uploads\/2024\/08\/young-confident-businessman-pointing-at-laptop-scr-2023-11-27-05-24-51-utc-12-1024x934.png","type":"image\/png"}],"twitter_card":"summary_large_image","twitter_site":"@aiscertificate","schema":{"@context":"https:\/\/schema.org","@graph":[{"@type":"WebPage","@id":"https:\/\/aiscertificacion.com\/en\/certify-a-product\/","url":"https:\/\/aiscertificacion.com\/en\/certify-a-product\/","name":"To certify the accessibility of a product - AIS Certificaci\u00f3n","isPartOf":{"@id":"https:\/\/aiscertificacion.com\/en\/#website"},"primaryImageOfPage":{"@id":"https:\/\/aiscertificacion.com\/en\/certify-a-product\/#primaryimage"},"image":{"@id":"https:\/\/aiscertificacion.com\/en\/certify-a-product\/#primaryimage"},"thumbnailUrl":"https:\/\/aiscertificacion.com\/wp-content\/uploads\/2024\/08\/young-confident-businessman-pointing-at-laptop-scr-2023-11-27-05-24-51-utc-12-1024x934.png","datePublished":"2024-08-03T17:14:16+00:00","dateModified":"2024-10-20T22:21:05+00:00","description":"Discover how to certify a product to ensure its accessibility and usability for all users.","breadcrumb":{"@id":"https:\/\/aiscertificacion.com\/en\/certify-a-product\/#breadcrumb"},"inLanguage":"en-US","potentialAction":[{"@type":"ReadAction","target":["https:\/\/aiscertificacion.com\/en\/certify-a-product\/"]}]},{"@type":"ImageObject","inLanguage":"en-US","@id":"https:\/\/aiscertificacion.com\/en\/certify-a-product\/#primaryimage","url":"https:\/\/aiscertificacion.com\/wp-content\/uploads\/2024\/08\/young-confident-businessman-pointing-at-laptop-scr-2023-11-27-05-24-51-utc-12-1024x934.png","contentUrl":"https:\/\/aiscertificacion.com\/wp-content\/uploads\/2024\/08\/young-confident-businessman-pointing-at-laptop-scr-2023-11-27-05-24-51-utc-12-1024x934.png"},{"@type":"BreadcrumbList","@id":"https:\/\/aiscertificacion.com\/en\/certify-a-product\/#breadcrumb","itemListElement":[{"@type":"ListItem","position":1,"name":"Portada","item":"https:\/\/aiscertificacion.com\/en\/"},{"@type":"ListItem","position":2,"name":"Certify a product"}]},{"@type":"WebSite","@id":"https:\/\/aiscertificacion.com\/en\/#website","url":"https:\/\/aiscertificacion.com\/en\/","name":"AIS Certificaci\u00f3n","description":"AIS Certificaci\u00f3n ofrece servicios especializados en accesibilidad, tanto f\u00edsica como digital, garantizando el cumplimiento de normativas internacionales. A trav\u00e9s de sus certificaciones, ayudan a las organizaciones a crear entornos inclusivos, mejorando la experiencia de todas las personas, incluidas aquellas con discapacidades, y asegurando que sus instalaciones y plataformas digitales sean accesibles para todos.","publisher":{"@id":"https:\/\/aiscertificacion.com\/en\/#organization"},"alternateName":"AIS","potentialAction":[{"@type":"SearchAction","target":{"@type":"EntryPoint","urlTemplate":"https:\/\/aiscertificacion.com\/en\/?s={search_term_string}"},"query-input":{"@type":"PropertyValueSpecification","valueRequired":true,"valueName":"search_term_string"}}],"inLanguage":"en-US"},{"@type":"Organization","@id":"https:\/\/aiscertificacion.com\/en\/#organization","name":"AIS Certificaci\u00f3n","alternateName":"AIS","url":"https:\/\/aiscertificacion.com\/en\/","logo":{"@type":"ImageObject","inLanguage":"en-US","@id":"https:\/\/aiscertificacion.com\/en\/#\/schema\/logo\/image\/","url":"https:\/\/aiscertificacion.com\/wp-content\/uploads\/2024\/07\/cropped-Logo-AIS.png","contentUrl":"https:\/\/aiscertificacion.com\/wp-content\/uploads\/2024\/07\/cropped-Logo-AIS.png","width":512,"height":512,"caption":"AIS Certificaci\u00f3n"},"image":{"@id":"https:\/\/aiscertificacion.com\/en\/#\/schema\/logo\/image\/"},"sameAs":["https:\/\/x.com\/aiscertificate","https:\/\/www.youtube.com\/channel\/UCPDJy-hzmTRWhI1uTTeek5Q","https:\/\/www.linkedin.com\/showcase\/aiscertificacion\/posts\/?feedView=all"]}]}},"_links":{"self":[{"href":"https:\/\/aiscertificacion.com\/en\/wp-json\/wp\/v2\/pages\/25512","targetHints":{"allow":["GET"]}}],"collection":[{"href":"https:\/\/aiscertificacion.com\/en\/wp-json\/wp\/v2\/pages"}],"about":[{"href":"https:\/\/aiscertificacion.com\/en\/wp-json\/wp\/v2\/types\/page"}],"author":[{"embeddable":true,"href":"https:\/\/aiscertificacion.com\/en\/wp-json\/wp\/v2\/users\/1"}],"replies":[{"embeddable":true,"href":"https:\/\/aiscertificacion.com\/en\/wp-json\/wp\/v2\/comments?post=25512"}],"version-history":[{"count":1,"href":"https:\/\/aiscertificacion.com\/en\/wp-json\/wp\/v2\/pages\/25512\/revisions"}],"predecessor-version":[{"id":25513,"href":"https:\/\/aiscertificacion.com\/en\/wp-json\/wp\/v2\/pages\/25512\/revisions\/25513"}],"wp:attachment":[{"href":"https:\/\/aiscertificacion.com\/en\/wp-json\/wp\/v2\/media?parent=25512"}],"curies":[{"name":"wp","href":"https:\/\/api.w.org\/{rel}","templated":true}]}}