{"id":25635,"date":"2024-08-07T18:06:49","date_gmt":"2024-08-07T18:06:49","guid":{"rendered":"https:\/\/aiscertificacion.com\/press\/"},"modified":"2024-10-21T16:49:56","modified_gmt":"2024-10-21T16:49:56","slug":"press","status":"publish","type":"page","link":"https:\/\/aiscertificacion.com\/en\/press\/","title":{"rendered":"Press"},"content":{"rendered":"\n<div class=\"wp-block-group alignfull wrap-mobile has-base-2-color has-text-color has-background has-link-color wp-elements-1553cc76872692cce8a8e2cedd59901f is-nowrap is-layout-flex wp-container-core-group-is-layout-6c531013 wp-block-group-is-layout-flex\" id=\"generacion-a\" style=\"background-color:#297528\">\n<figure class=\"wp-block-image size-large width-100-mobile wp-container-content-0733e5d0\"><img loading=\"lazy\" decoding=\"async\" width=\"1024\" height=\"657\" src=\"https:\/\/aiscertificacion.com\/wp-content\/uploads\/2024\/08\/young-confident-businessman-pointing-at-laptop-scr-2023-11-27-05-24-51-utc-16-1024x657.png\" alt=\"\" class=\"wp-image-887\" srcset=\"https:\/\/aiscertificacion.com\/wp-content\/uploads\/2024\/08\/young-confident-businessman-pointing-at-laptop-scr-2023-11-27-05-24-51-utc-16-1024x657.png 1024w, https:\/\/aiscertificacion.com\/wp-content\/uploads\/2024\/08\/young-confident-businessman-pointing-at-laptop-scr-2023-11-27-05-24-51-utc-16-300x192.png 300w, https:\/\/aiscertificacion.com\/wp-content\/uploads\/2024\/08\/young-confident-businessman-pointing-at-laptop-scr-2023-11-27-05-24-51-utc-16-768x492.png 768w, https:\/\/aiscertificacion.com\/wp-content\/uploads\/2024\/08\/young-confident-businessman-pointing-at-laptop-scr-2023-11-27-05-24-51-utc-16-1536x985.png 1536w, https:\/\/aiscertificacion.com\/wp-content\/uploads\/2024\/08\/young-confident-businessman-pointing-at-laptop-scr-2023-11-27-05-24-51-utc-16.png 1678w\" sizes=\"auto, (max-width: 1024px) 100vw, 1024px\" \/><\/figure>\n\n\n<div class=\"wp-block-group padding-mobile-reset has-global-padding is-layout-constrained wp-container-core-group-is-layout-ab3eb652 wp-block-group-is-layout-constrained\" style=\"padding-right:42px;padding-left:42px\">\n<div class=\"wp-block-group is-layout-flex wp-container-core-group-is-layout-e3f6be67 wp-block-group-is-layout-flex\">\n<h1 class=\"wp-block-heading has-base-2-color has-text-color has-link-color wp-elements-66342caefa34c3671844f671dba5da0b\" id=\"h-prensa\" style=\"font-size:clamp(2.2rem, 2.2rem + ((1vw - 0.2rem) * 2.569), 4rem);font-style:normal;font-weight:700\">Press<\/h1>\n<\/div>\n\n\n\n<p class=\"h24\" style=\"font-size:clamp(0.984rem, 0.984rem + ((1vw - 0.2rem) * 0.736), 1.5rem);\">Commitment to accessibility and the AIS System has a major impact.<\/p>\n<\/div>\n<\/div>\n\n<div class=\"wp-block-group has-global-padding is-layout-constrained wp-container-core-group-is-layout-e76d2dfa wp-block-group-is-layout-constrained\" style=\"margin-top:71px\">\n<p class=\"has-text-align-center h4\" style=\"font-size:clamp(14.642px, 0.915rem + ((1vw - 3.2px) * 0.656), 22px);\">Social commitment, legal compliance and actions aimed at achieving a safer, more comfortable and usable world for all can be disseminated through press releases or events.<br\/>A company&#8217;s commitment to accessibility and the Accessibility Indicator System (AIS) has an impact on the media, blogs and websites.  <\/p>\n<\/div>\n\n<div class=\"wp-block-group has-global-padding is-layout-constrained wp-container-core-group-is-layout-369c2de1 wp-block-group-is-layout-constrained\" style=\"margin-top:71px\">\n<h2 class=\"wp-block-heading has-text-align-center h2\" id=\"h-apariciones-en-prensa\">Press appearances<\/h2>\n\n\n\n<div class=\"wp-block-group alignfull is-layout-flow wp-block-group-is-layout-flow\" style=\"margin-top:56px;margin-bottom:139px;padding-right:0;padding-left:0\">\n<div class=\"wp-block-group same-h center-mobile is-content-justification-left is-layout-flex wp-container-core-group-is-layout-09e46b3f wp-block-group-is-layout-flex\">\n<div class=\"wp-block-group caja-de-color space-between has-accent-2-background-color has-background is-vertical is-content-justification-left is-layout-flex wp-container-core-group-is-layout-b7fc584f wp-block-group-is-layout-flex\">\n<div class=\"wp-block-group has-global-padding is-layout-constrained wp-block-group-is-layout-constrained\">\n<h2 class=\"wp-block-heading h26\" id=\"h-dossier-prensa\" style=\"margin-top:0;margin-bottom:0;font-size:clamp(0.901rem, 0.901rem + ((1vw - 0.2rem) * 0.641), 1.35rem);font-style:normal;font-weight:700\">Press Dossier  <\/h2>\n\n\n\n<h2 class=\"wp-block-heading h26\" id=\"h-2024\" style=\"margin-top:0;margin-bottom:0;font-size:clamp(1.502rem, 1.502rem + ((1vw - 0.2rem) * 1.424), 2.5rem);font-style:normal;font-weight:700;line-height:1.18\">2024<\/h2>\n<\/div>\n\n\n\n<div class=\"wp-block-group has-global-padding is-layout-constrained wp-block-group-is-layout-constrained\">\n<div class=\"wp-block-buttons is-layout-flex wp-block-buttons-is-layout-flex\" style=\"margin-top:32px\">\n<div class=\"wp-block-button is-style-outline is-style-outline--1\"><a class=\"wp-block-button__link wp-element-button\" href=\"https:\/\/aiscertificacion.com\/en\/press-2024\/\">see more<\/a><\/div>\n<\/div>\n<\/div>\n<\/div>\n\n\n\n<div class=\"wp-block-group caja-de-color space-between has-base-2-color has-accent-3-background-color has-text-color has-background has-link-color wp-elements-2d7bcbedb8025ce158ce3f49db31fe62 is-vertical is-content-justification-left is-layout-flex wp-container-core-group-is-layout-b7fc584f wp-block-group-is-layout-flex\">\n<div class=\"wp-block-group has-global-padding is-layout-constrained wp-block-group-is-layout-constrained\">\n<h2 class=\"wp-block-heading h26 has-base-2-color has-text-color has-link-color wp-elements-331e175ee5068b60bb2bdb3c1d0fd48b\" id=\"h-dossier-prensa-0\" style=\"margin-top:0;margin-bottom:0;font-size:clamp(0.901rem, 0.901rem + ((1vw - 0.2rem) * 0.641), 1.35rem);font-style:normal;font-weight:700\">Press Dossier  <\/h2>\n\n\n\n<h2 class=\"wp-block-heading h26 has-base-2-color has-text-color has-link-color wp-elements-efe75d93b71e7b58dad244f98e62d82e\" id=\"h-2023\" style=\"margin-top:0;margin-bottom:0;font-size:clamp(1.502rem, 1.502rem + ((1vw - 0.2rem) * 1.424), 2.5rem);font-style:normal;font-weight:700;line-height:1.18\">2023<\/h2>\n<\/div>\n\n\n\n<div class=\"wp-block-group has-global-padding is-layout-constrained wp-block-group-is-layout-constrained\">\n<div class=\"wp-block-buttons is-layout-flex wp-block-buttons-is-layout-flex\" style=\"margin-top:32px\">\n<div class=\"wp-block-button is-style-outline is-style-outline--2\"><a class=\"wp-block-button__link wp-element-button\" href=\"https:\/\/aiscertificacion.com\/en\/press-2023\/\">see more<\/a><\/div>\n<\/div>\n<\/div>\n<\/div>\n\n\n\n<div class=\"wp-block-group caja-de-color space-between has-base-2-color has-accent-4-background-color has-text-color has-background has-link-color wp-elements-8b24d4b0f4bda59b706cf2cf92d760e0 is-vertical is-content-justification-left is-layout-flex wp-container-core-group-is-layout-b7fc584f wp-block-group-is-layout-flex\">\n<div class=\"wp-block-group has-global-padding is-layout-constrained wp-block-group-is-layout-constrained\">\n<h2 class=\"wp-block-heading h26 has-base-2-color has-text-color has-link-color wp-elements-d59c2fcbf88094e0211195f89efd5897\" id=\"h-dossier-prensa-1\" style=\"margin-top:0;margin-bottom:0;font-size:clamp(0.901rem, 0.901rem + ((1vw - 0.2rem) * 0.641), 1.35rem);font-style:normal;font-weight:700\">Press Dossier  <\/h2>\n\n\n\n<h2 class=\"wp-block-heading h26 has-base-2-color has-text-color has-link-color wp-elements-707d3c9900ad47b4e14174255bcea305\" id=\"h-2022\" style=\"margin-top:0;margin-bottom:0;font-size:clamp(1.502rem, 1.502rem + ((1vw - 0.2rem) * 1.424), 2.5rem);font-style:normal;font-weight:700;line-height:1.18\">2022<\/h2>\n<\/div>\n\n\n\n<div class=\"wp-block-group has-global-padding is-layout-constrained wp-block-group-is-layout-constrained\">\n<div class=\"wp-block-buttons is-layout-flex wp-block-buttons-is-layout-flex\" style=\"margin-top:32px\">\n<div class=\"wp-block-button is-style-outline is-style-outline--3\"><a class=\"wp-block-button__link wp-element-button\" href=\"https:\/\/aiscertificacion.com\/en\/press-2022\/\">see more<\/a><\/div>\n<\/div>\n<\/div>\n<\/div>\n\n\n\n<div class=\"wp-block-group caja-de-color space-between has-accent-2-background-color has-background is-vertical is-content-justification-left is-layout-flex wp-container-core-group-is-layout-b7fc584f wp-block-group-is-layout-flex\">\n<div class=\"wp-block-group has-global-padding is-layout-constrained wp-block-group-is-layout-constrained\">\n<h2 class=\"wp-block-heading h26\" id=\"h-dossier-prensa-2\" style=\"margin-top:0;margin-bottom:0;font-size:clamp(0.901rem, 0.901rem + ((1vw - 0.2rem) * 0.641), 1.35rem);font-style:normal;font-weight:700\">Press Dossier  <\/h2>\n\n\n\n<h2 class=\"wp-block-heading h26\" id=\"h-2021\" style=\"margin-top:0;margin-bottom:0;font-size:clamp(1.502rem, 1.502rem + ((1vw - 0.2rem) * 1.424), 2.5rem);font-style:normal;font-weight:700;line-height:1.18\">2021<\/h2>\n<\/div>\n\n\n\n<div class=\"wp-block-group has-global-padding is-layout-constrained wp-block-group-is-layout-constrained\">\n<div class=\"wp-block-buttons is-layout-flex wp-block-buttons-is-layout-flex\" style=\"margin-top:32px\">\n<div class=\"wp-block-button is-style-outline is-style-outline--4\"><a class=\"wp-block-button__link wp-element-button\" href=\"https:\/\/aiscertificacion.com\/en\/press-2021\/\">see more<\/a><\/div>\n<\/div>\n<\/div>\n<\/div>\n\n\n\n<div class=\"wp-block-group caja-de-color space-between has-base-2-color has-accent-3-background-color has-text-color has-background has-link-color wp-elements-157e2d0053d866c43747511130dc6a27 is-vertical is-content-justification-left is-layout-flex wp-container-core-group-is-layout-b7fc584f wp-block-group-is-layout-flex\">\n<div class=\"wp-block-group has-global-padding is-layout-constrained wp-block-group-is-layout-constrained\">\n<h2 class=\"wp-block-heading h26 has-base-2-color has-text-color has-link-color wp-elements-0ae4bf3d88e6f1edd1482f29736ed799\" id=\"h-dossier-prensa-3\" style=\"margin-top:0;margin-bottom:0;font-size:clamp(0.901rem, 0.901rem + ((1vw - 0.2rem) * 0.641), 1.35rem);font-style:normal;font-weight:700\">Press Dossier  <\/h2>\n\n\n\n<h2 class=\"wp-block-heading h26 has-base-2-color has-text-color has-link-color wp-elements-a9c95672db3fb1bb8e07b8d7a6a1a58d\" id=\"h-2020\" style=\"margin-top:0;margin-bottom:0;font-size:clamp(1.502rem, 1.502rem + ((1vw - 0.2rem) * 1.424), 2.5rem);font-style:normal;font-weight:700;line-height:1.18\">2020<\/h2>\n<\/div>\n\n\n\n<div class=\"wp-block-group has-global-padding is-layout-constrained wp-block-group-is-layout-constrained\">\n<div class=\"wp-block-buttons is-layout-flex wp-block-buttons-is-layout-flex\" style=\"margin-top:32px\">\n<div class=\"wp-block-button is-style-outline is-style-outline--5\"><a class=\"wp-block-button__link wp-element-button\" href=\"https:\/\/aiscertificacion.com\/en\/press-2020\/\">see more<\/a><\/div>\n<\/div>\n<\/div>\n<\/div>\n\n\n\n<div class=\"wp-block-group caja-de-color space-between has-base-2-color has-accent-4-background-color has-text-color has-background has-link-color wp-elements-3fe4d2bfa0e8c799da844435d2c63fc3 is-vertical is-content-justification-left is-layout-flex wp-container-core-group-is-layout-b7fc584f wp-block-group-is-layout-flex\">\n<div class=\"wp-block-group has-global-padding is-layout-constrained wp-block-group-is-layout-constrained\">\n<h2 class=\"wp-block-heading h26 has-base-2-color has-text-color has-link-color wp-elements-9e9713be1e4fa57160a562480a5309b3\" id=\"h-dossier-prensa-4\" style=\"margin-top:0;margin-bottom:0;font-size:clamp(0.901rem, 0.901rem + ((1vw - 0.2rem) * 0.641), 1.35rem);font-style:normal;font-weight:700\">Press Dossier  <\/h2>\n\n\n\n<h2 class=\"wp-block-heading h26 has-base-2-color has-text-color has-link-color wp-elements-983cc47ae0e3d06b0b845edf52085adc\" id=\"h-2019\" style=\"margin-top:0;margin-bottom:0;font-size:clamp(1.502rem, 1.502rem + ((1vw - 0.2rem) * 1.424), 2.5rem);font-style:normal;font-weight:700;line-height:1.18\">2019<\/h2>\n<\/div>\n\n\n\n<div class=\"wp-block-group has-global-padding is-layout-constrained wp-block-group-is-layout-constrained\">\n<div class=\"wp-block-buttons is-layout-flex wp-block-buttons-is-layout-flex\" style=\"margin-top:32px\">\n<div class=\"wp-block-button is-style-outline is-style-outline--6\"><a class=\"wp-block-button__link wp-element-button\" href=\"https:\/\/aiscertificacion.com\/en\/press-2019\/\">see more<\/a><\/div>\n<\/div>\n<\/div>\n<\/div>\n<\/div>\n<\/div>\n<\/div>\n","protected":false},"excerpt":{"rendered":"<p>Press Commitment to accessibility and the AIS System has a major impact. Social commitment, legal compliance and actions aimed at achieving a safer, more comfortable and usable world for all can be disseminated through press releases or events.A company&#8217;s commitment to accessibility and the Accessibility Indicator System (AIS) has an impact on the media, blogs [&hellip;]<\/p>\n","protected":false},"author":1,"featured_media":0,"parent":0,"menu_order":0,"comment_status":"closed","ping_status":"closed","template":"","meta":{"footnotes":""},"class_list":["post-25635","page","type-page","status-publish","hentry"],"yoast_head":"<!-- This site is optimized with the Yoast SEO Premium plugin v26.8 (Yoast SEO v26.8) - https:\/\/yoast.com\/product\/yoast-seo-premium-wordpress\/ -->\n<title>Press - AIS Certificaci\u00f3n<\/title>\n<meta name=\"description\" content=\"Learn about the impact of the commitment to accessibility and the AIS System in the media, blogs and websites. Discover how a company can contribute to a safer and more comfortable world for everyone.\" \/>\n<meta name=\"robots\" content=\"index, follow, max-snippet:-1, max-image-preview:large, max-video-preview:-1\" \/>\n<link rel=\"canonical\" href=\"https:\/\/aiscertificacion.com\/en\/press\/\" \/>\n<meta property=\"og:locale\" content=\"en_US\" \/>\n<meta property=\"og:type\" content=\"article\" \/>\n<meta property=\"og:title\" content=\"Press\" \/>\n<meta property=\"og:description\" content=\"Learn about the impact of the commitment to accessibility and the AIS System in the media, blogs and websites. Discover how a company can contribute to a safer and more comfortable world for everyone.\" \/>\n<meta property=\"og:url\" content=\"https:\/\/aiscertificacion.com\/en\/press\/\" \/>\n<meta property=\"og:site_name\" content=\"AIS Certificaci\u00f3n\" \/>\n<meta property=\"article:modified_time\" content=\"2024-10-21T16:49:56+00:00\" \/>\n<meta property=\"og:image\" content=\"https:\/\/aiscertificacion.com\/wp-content\/uploads\/2024\/08\/young-confident-businessman-pointing-at-laptop-scr-2023-11-27-05-24-51-utc-16-1024x657.png\" \/>\n\t<meta property=\"og:image:width\" content=\"1024\" \/>\n\t<meta property=\"og:image:height\" content=\"657\" \/>\n\t<meta property=\"og:image:type\" content=\"image\/png\" \/>\n<meta name=\"twitter:card\" content=\"summary_large_image\" \/>\n<meta name=\"twitter:site\" content=\"@aiscertificate\" \/>\n<script type=\"application\/ld+json\" class=\"yoast-schema-graph\">{\"@context\":\"https:\/\/schema.org\",\"@graph\":[{\"@type\":\"WebPage\",\"@id\":\"https:\/\/aiscertificacion.com\/en\/press\/\",\"url\":\"https:\/\/aiscertificacion.com\/en\/press\/\",\"name\":\"Press - AIS Certificaci\u00f3n\",\"isPartOf\":{\"@id\":\"https:\/\/aiscertificacion.com\/en\/#website\"},\"primaryImageOfPage\":{\"@id\":\"https:\/\/aiscertificacion.com\/en\/press\/#primaryimage\"},\"image\":{\"@id\":\"https:\/\/aiscertificacion.com\/en\/press\/#primaryimage\"},\"thumbnailUrl\":\"https:\/\/aiscertificacion.com\/wp-content\/uploads\/2024\/08\/young-confident-businessman-pointing-at-laptop-scr-2023-11-27-05-24-51-utc-16-1024x657.png\",\"datePublished\":\"2024-08-07T18:06:49+00:00\",\"dateModified\":\"2024-10-21T16:49:56+00:00\",\"description\":\"Learn about the impact of the commitment to accessibility and the AIS System in the media, blogs and websites. Discover how a company can contribute to a safer and more comfortable world for everyone.\",\"breadcrumb\":{\"@id\":\"https:\/\/aiscertificacion.com\/en\/press\/#breadcrumb\"},\"inLanguage\":\"en-US\",\"potentialAction\":[{\"@type\":\"ReadAction\",\"target\":[\"https:\/\/aiscertificacion.com\/en\/press\/\"]}]},{\"@type\":\"ImageObject\",\"inLanguage\":\"en-US\",\"@id\":\"https:\/\/aiscertificacion.com\/en\/press\/#primaryimage\",\"url\":\"https:\/\/aiscertificacion.com\/wp-content\/uploads\/2024\/08\/young-confident-businessman-pointing-at-laptop-scr-2023-11-27-05-24-51-utc-16-1024x657.png\",\"contentUrl\":\"https:\/\/aiscertificacion.com\/wp-content\/uploads\/2024\/08\/young-confident-businessman-pointing-at-laptop-scr-2023-11-27-05-24-51-utc-16-1024x657.png\"},{\"@type\":\"BreadcrumbList\",\"@id\":\"https:\/\/aiscertificacion.com\/en\/press\/#breadcrumb\",\"itemListElement\":[{\"@type\":\"ListItem\",\"position\":1,\"name\":\"Portada\",\"item\":\"https:\/\/aiscertificacion.com\/en\/\"},{\"@type\":\"ListItem\",\"position\":2,\"name\":\"Press\"}]},{\"@type\":\"WebSite\",\"@id\":\"https:\/\/aiscertificacion.com\/en\/#website\",\"url\":\"https:\/\/aiscertificacion.com\/en\/\",\"name\":\"AIS Certificaci\u00f3n\",\"description\":\"AIS Certificaci\u00f3n ofrece servicios especializados en accesibilidad, tanto f\u00edsica como digital, garantizando el cumplimiento de normativas internacionales. A trav\u00e9s de sus certificaciones, ayudan a las organizaciones a crear entornos inclusivos, mejorando la experiencia de todas las personas, incluidas aquellas con discapacidades, y asegurando que sus instalaciones y plataformas digitales sean accesibles para todos.\",\"publisher\":{\"@id\":\"https:\/\/aiscertificacion.com\/en\/#organization\"},\"alternateName\":\"AIS\",\"potentialAction\":[{\"@type\":\"SearchAction\",\"target\":{\"@type\":\"EntryPoint\",\"urlTemplate\":\"https:\/\/aiscertificacion.com\/en\/?s={search_term_string}\"},\"query-input\":{\"@type\":\"PropertyValueSpecification\",\"valueRequired\":true,\"valueName\":\"search_term_string\"}}],\"inLanguage\":\"en-US\"},{\"@type\":\"Organization\",\"@id\":\"https:\/\/aiscertificacion.com\/en\/#organization\",\"name\":\"AIS Certificaci\u00f3n\",\"alternateName\":\"AIS\",\"url\":\"https:\/\/aiscertificacion.com\/en\/\",\"logo\":{\"@type\":\"ImageObject\",\"inLanguage\":\"en-US\",\"@id\":\"https:\/\/aiscertificacion.com\/en\/#\/schema\/logo\/image\/\",\"url\":\"https:\/\/aiscertificacion.com\/wp-content\/uploads\/2024\/07\/cropped-Logo-AIS.png\",\"contentUrl\":\"https:\/\/aiscertificacion.com\/wp-content\/uploads\/2024\/07\/cropped-Logo-AIS.png\",\"width\":512,\"height\":512,\"caption\":\"AIS Certificaci\u00f3n\"},\"image\":{\"@id\":\"https:\/\/aiscertificacion.com\/en\/#\/schema\/logo\/image\/\"},\"sameAs\":[\"https:\/\/x.com\/aiscertificate\",\"https:\/\/www.youtube.com\/channel\/UCPDJy-hzmTRWhI1uTTeek5Q\",\"https:\/\/www.linkedin.com\/showcase\/aiscertificacion\/posts\/?feedView=all\"]}]}<\/script>\n<!-- \/ Yoast SEO Premium plugin. -->","yoast_head_json":{"title":"Press - AIS Certificaci\u00f3n","description":"Learn about the impact of the commitment to accessibility and the AIS System in the media, blogs and websites. Discover how a company can contribute to a safer and more comfortable world for everyone.","robots":{"index":"index","follow":"follow","max-snippet":"max-snippet:-1","max-image-preview":"max-image-preview:large","max-video-preview":"max-video-preview:-1"},"canonical":"https:\/\/aiscertificacion.com\/en\/press\/","og_locale":"en_US","og_type":"article","og_title":"Press","og_description":"Learn about the impact of the commitment to accessibility and the AIS System in the media, blogs and websites. Discover how a company can contribute to a safer and more comfortable world for everyone.","og_url":"https:\/\/aiscertificacion.com\/en\/press\/","og_site_name":"AIS Certificaci\u00f3n","article_modified_time":"2024-10-21T16:49:56+00:00","og_image":[{"width":1024,"height":657,"url":"https:\/\/aiscertificacion.com\/wp-content\/uploads\/2024\/08\/young-confident-businessman-pointing-at-laptop-scr-2023-11-27-05-24-51-utc-16-1024x657.png","type":"image\/png"}],"twitter_card":"summary_large_image","twitter_site":"@aiscertificate","schema":{"@context":"https:\/\/schema.org","@graph":[{"@type":"WebPage","@id":"https:\/\/aiscertificacion.com\/en\/press\/","url":"https:\/\/aiscertificacion.com\/en\/press\/","name":"Press - AIS Certificaci\u00f3n","isPartOf":{"@id":"https:\/\/aiscertificacion.com\/en\/#website"},"primaryImageOfPage":{"@id":"https:\/\/aiscertificacion.com\/en\/press\/#primaryimage"},"image":{"@id":"https:\/\/aiscertificacion.com\/en\/press\/#primaryimage"},"thumbnailUrl":"https:\/\/aiscertificacion.com\/wp-content\/uploads\/2024\/08\/young-confident-businessman-pointing-at-laptop-scr-2023-11-27-05-24-51-utc-16-1024x657.png","datePublished":"2024-08-07T18:06:49+00:00","dateModified":"2024-10-21T16:49:56+00:00","description":"Learn about the impact of the commitment to accessibility and the AIS System in the media, blogs and websites. Discover how a company can contribute to a safer and more comfortable world for everyone.","breadcrumb":{"@id":"https:\/\/aiscertificacion.com\/en\/press\/#breadcrumb"},"inLanguage":"en-US","potentialAction":[{"@type":"ReadAction","target":["https:\/\/aiscertificacion.com\/en\/press\/"]}]},{"@type":"ImageObject","inLanguage":"en-US","@id":"https:\/\/aiscertificacion.com\/en\/press\/#primaryimage","url":"https:\/\/aiscertificacion.com\/wp-content\/uploads\/2024\/08\/young-confident-businessman-pointing-at-laptop-scr-2023-11-27-05-24-51-utc-16-1024x657.png","contentUrl":"https:\/\/aiscertificacion.com\/wp-content\/uploads\/2024\/08\/young-confident-businessman-pointing-at-laptop-scr-2023-11-27-05-24-51-utc-16-1024x657.png"},{"@type":"BreadcrumbList","@id":"https:\/\/aiscertificacion.com\/en\/press\/#breadcrumb","itemListElement":[{"@type":"ListItem","position":1,"name":"Portada","item":"https:\/\/aiscertificacion.com\/en\/"},{"@type":"ListItem","position":2,"name":"Press"}]},{"@type":"WebSite","@id":"https:\/\/aiscertificacion.com\/en\/#website","url":"https:\/\/aiscertificacion.com\/en\/","name":"AIS Certificaci\u00f3n","description":"AIS Certificaci\u00f3n ofrece servicios especializados en accesibilidad, tanto f\u00edsica como digital, garantizando el cumplimiento de normativas internacionales. A trav\u00e9s de sus certificaciones, ayudan a las organizaciones a crear entornos inclusivos, mejorando la experiencia de todas las personas, incluidas aquellas con discapacidades, y asegurando que sus instalaciones y plataformas digitales sean accesibles para todos.","publisher":{"@id":"https:\/\/aiscertificacion.com\/en\/#organization"},"alternateName":"AIS","potentialAction":[{"@type":"SearchAction","target":{"@type":"EntryPoint","urlTemplate":"https:\/\/aiscertificacion.com\/en\/?s={search_term_string}"},"query-input":{"@type":"PropertyValueSpecification","valueRequired":true,"valueName":"search_term_string"}}],"inLanguage":"en-US"},{"@type":"Organization","@id":"https:\/\/aiscertificacion.com\/en\/#organization","name":"AIS Certificaci\u00f3n","alternateName":"AIS","url":"https:\/\/aiscertificacion.com\/en\/","logo":{"@type":"ImageObject","inLanguage":"en-US","@id":"https:\/\/aiscertificacion.com\/en\/#\/schema\/logo\/image\/","url":"https:\/\/aiscertificacion.com\/wp-content\/uploads\/2024\/07\/cropped-Logo-AIS.png","contentUrl":"https:\/\/aiscertificacion.com\/wp-content\/uploads\/2024\/07\/cropped-Logo-AIS.png","width":512,"height":512,"caption":"AIS Certificaci\u00f3n"},"image":{"@id":"https:\/\/aiscertificacion.com\/en\/#\/schema\/logo\/image\/"},"sameAs":["https:\/\/x.com\/aiscertificate","https:\/\/www.youtube.com\/channel\/UCPDJy-hzmTRWhI1uTTeek5Q","https:\/\/www.linkedin.com\/showcase\/aiscertificacion\/posts\/?feedView=all"]}]}},"_links":{"self":[{"href":"https:\/\/aiscertificacion.com\/en\/wp-json\/wp\/v2\/pages\/25635","targetHints":{"allow":["GET"]}}],"collection":[{"href":"https:\/\/aiscertificacion.com\/en\/wp-json\/wp\/v2\/pages"}],"about":[{"href":"https:\/\/aiscertificacion.com\/en\/wp-json\/wp\/v2\/types\/page"}],"author":[{"embeddable":true,"href":"https:\/\/aiscertificacion.com\/en\/wp-json\/wp\/v2\/users\/1"}],"replies":[{"embeddable":true,"href":"https:\/\/aiscertificacion.com\/en\/wp-json\/wp\/v2\/comments?post=25635"}],"version-history":[{"count":1,"href":"https:\/\/aiscertificacion.com\/en\/wp-json\/wp\/v2\/pages\/25635\/revisions"}],"predecessor-version":[{"id":25636,"href":"https:\/\/aiscertificacion.com\/en\/wp-json\/wp\/v2\/pages\/25635\/revisions\/25636"}],"wp:attachment":[{"href":"https:\/\/aiscertificacion.com\/en\/wp-json\/wp\/v2\/media?parent=25635"}],"curies":[{"name":"wp","href":"https:\/\/api.w.org\/{rel}","templated":true}]}}