{"id":25690,"date":"2024-10-21T18:10:04","date_gmt":"2024-10-21T18:10:04","guid":{"rendered":"https:\/\/aiscertificacion.com\/download-ais-standard-1\/"},"modified":"2024-10-22T16:16:38","modified_gmt":"2024-10-22T16:16:38","slug":"download-ais-standard-1","status":"publish","type":"page","link":"https:\/\/aiscertificacion.com\/en\/download-ais-standard-1\/","title":{"rendered":"Download AIS Standard 1"},"content":{"rendered":"\n<div class=\"wp-block-group alignfull is-layout-flow wp-block-group-is-layout-flow\" style=\"margin-bottom:104px\">\n<iframe style=\"width: 100%; margin-top: 0; border: 0; height: 1200px; margin-bottom: -6px;\" id=\"inlineFrameExample\" title=\"Registration form\" src=\"https:\/\/portal.aiscertificacion.com\/en\/descargar-norma-ais1?v=2\">\n<\/iframe>\n<\/div>\n","protected":false},"excerpt":{"rendered":"","protected":false},"author":1,"featured_media":0,"parent":0,"menu_order":0,"comment_status":"closed","ping_status":"closed","template":"","meta":{"footnotes":""},"class_list":["post-25690","page","type-page","status-publish","hentry"],"yoast_head":"<!-- This site is optimized with the Yoast SEO Premium plugin v26.8 (Yoast SEO v26.8) - https:\/\/yoast.com\/product\/yoast-seo-premium-wordpress\/ -->\n<title>Download AIS Standard 1 - AIS Certificaci\u00f3n<\/title>\n<meta name=\"description\" content=\"Contact: address and opening hours in Madrid, Spain. We are located at Calle Orense 37, 1\u00ba and open from 9:00 to 18:00.\" \/>\n<meta name=\"robots\" content=\"index, follow, max-snippet:-1, max-image-preview:large, max-video-preview:-1\" \/>\n<link rel=\"canonical\" href=\"https:\/\/aiscertificacion.com\/en\/download-ais-standard-1\/\" \/>\n<meta property=\"og:locale\" content=\"en_US\" \/>\n<meta property=\"og:type\" content=\"article\" \/>\n<meta property=\"og:title\" content=\"Download AIS Standard 1\" \/>\n<meta property=\"og:description\" content=\"Contact: address and opening hours in Madrid, Spain. We are located at Calle Orense 37, 1\u00ba and open from 9:00 to 18:00.\" \/>\n<meta property=\"og:url\" content=\"https:\/\/aiscertificacion.com\/en\/download-ais-standard-1\/\" \/>\n<meta property=\"og:site_name\" content=\"AIS Certificaci\u00f3n\" \/>\n<meta property=\"article:modified_time\" content=\"2024-10-22T16:16:38+00:00\" \/>\n<meta property=\"og:image\" content=\"https:\/\/aiscertificacion.com\/wp-content\/uploads\/2024\/10\/logo-ais-final.png\" \/>\n\t<meta property=\"og:image:width\" content=\"394\" \/>\n\t<meta property=\"og:image:height\" content=\"390\" \/>\n\t<meta property=\"og:image:type\" content=\"image\/png\" \/>\n<meta name=\"twitter:card\" content=\"summary_large_image\" \/>\n<meta name=\"twitter:site\" content=\"@aiscertificate\" \/>\n<script type=\"application\/ld+json\" class=\"yoast-schema-graph\">{\"@context\":\"https:\/\/schema.org\",\"@graph\":[{\"@type\":\"WebPage\",\"@id\":\"https:\/\/aiscertificacion.com\/en\/download-ais-standard-1\/\",\"url\":\"https:\/\/aiscertificacion.com\/en\/download-ais-standard-1\/\",\"name\":\"Download AIS Standard 1 - AIS Certificaci\u00f3n\",\"isPartOf\":{\"@id\":\"https:\/\/aiscertificacion.com\/en\/#website\"},\"datePublished\":\"2024-10-21T18:10:04+00:00\",\"dateModified\":\"2024-10-22T16:16:38+00:00\",\"description\":\"Contact: address and opening hours in Madrid, Spain. We are located at Calle Orense 37, 1\u00ba and open from 9:00 to 18:00.\",\"breadcrumb\":{\"@id\":\"https:\/\/aiscertificacion.com\/en\/download-ais-standard-1\/#breadcrumb\"},\"inLanguage\":\"en-US\",\"potentialAction\":[{\"@type\":\"ReadAction\",\"target\":[\"https:\/\/aiscertificacion.com\/en\/download-ais-standard-1\/\"]}]},{\"@type\":\"BreadcrumbList\",\"@id\":\"https:\/\/aiscertificacion.com\/en\/download-ais-standard-1\/#breadcrumb\",\"itemListElement\":[{\"@type\":\"ListItem\",\"position\":1,\"name\":\"Portada\",\"item\":\"https:\/\/aiscertificacion.com\/en\/\"},{\"@type\":\"ListItem\",\"position\":2,\"name\":\"Download AIS Standard 1\"}]},{\"@type\":\"WebSite\",\"@id\":\"https:\/\/aiscertificacion.com\/en\/#website\",\"url\":\"https:\/\/aiscertificacion.com\/en\/\",\"name\":\"AIS Certificaci\u00f3n\",\"description\":\"AIS Certificaci\u00f3n ofrece servicios especializados en accesibilidad, tanto f\u00edsica como digital, garantizando el cumplimiento de normativas internacionales. A trav\u00e9s de sus certificaciones, ayudan a las organizaciones a crear entornos inclusivos, mejorando la experiencia de todas las personas, incluidas aquellas con discapacidades, y asegurando que sus instalaciones y plataformas digitales sean accesibles para todos.\",\"publisher\":{\"@id\":\"https:\/\/aiscertificacion.com\/en\/#organization\"},\"alternateName\":\"AIS\",\"potentialAction\":[{\"@type\":\"SearchAction\",\"target\":{\"@type\":\"EntryPoint\",\"urlTemplate\":\"https:\/\/aiscertificacion.com\/en\/?s={search_term_string}\"},\"query-input\":{\"@type\":\"PropertyValueSpecification\",\"valueRequired\":true,\"valueName\":\"search_term_string\"}}],\"inLanguage\":\"en-US\"},{\"@type\":\"Organization\",\"@id\":\"https:\/\/aiscertificacion.com\/en\/#organization\",\"name\":\"AIS Certificaci\u00f3n\",\"alternateName\":\"AIS\",\"url\":\"https:\/\/aiscertificacion.com\/en\/\",\"logo\":{\"@type\":\"ImageObject\",\"inLanguage\":\"en-US\",\"@id\":\"https:\/\/aiscertificacion.com\/en\/#\/schema\/logo\/image\/\",\"url\":\"https:\/\/aiscertificacion.com\/wp-content\/uploads\/2024\/07\/cropped-Logo-AIS.png\",\"contentUrl\":\"https:\/\/aiscertificacion.com\/wp-content\/uploads\/2024\/07\/cropped-Logo-AIS.png\",\"width\":512,\"height\":512,\"caption\":\"AIS Certificaci\u00f3n\"},\"image\":{\"@id\":\"https:\/\/aiscertificacion.com\/en\/#\/schema\/logo\/image\/\"},\"sameAs\":[\"https:\/\/x.com\/aiscertificate\",\"https:\/\/www.youtube.com\/channel\/UCPDJy-hzmTRWhI1uTTeek5Q\",\"https:\/\/www.linkedin.com\/showcase\/aiscertificacion\/posts\/?feedView=all\"]}]}<\/script>\n<!-- \/ Yoast SEO Premium plugin. -->","yoast_head_json":{"title":"Download AIS Standard 1 - AIS Certificaci\u00f3n","description":"Contact: address and opening hours in Madrid, Spain. We are located at Calle Orense 37, 1\u00ba and open from 9:00 to 18:00.","robots":{"index":"index","follow":"follow","max-snippet":"max-snippet:-1","max-image-preview":"max-image-preview:large","max-video-preview":"max-video-preview:-1"},"canonical":"https:\/\/aiscertificacion.com\/en\/download-ais-standard-1\/","og_locale":"en_US","og_type":"article","og_title":"Download AIS Standard 1","og_description":"Contact: address and opening hours in Madrid, Spain. We are located at Calle Orense 37, 1\u00ba and open from 9:00 to 18:00.","og_url":"https:\/\/aiscertificacion.com\/en\/download-ais-standard-1\/","og_site_name":"AIS Certificaci\u00f3n","article_modified_time":"2024-10-22T16:16:38+00:00","og_image":[{"width":394,"height":390,"url":"https:\/\/aiscertificacion.com\/wp-content\/uploads\/2024\/10\/logo-ais-final.png","type":"image\/png"}],"twitter_card":"summary_large_image","twitter_site":"@aiscertificate","schema":{"@context":"https:\/\/schema.org","@graph":[{"@type":"WebPage","@id":"https:\/\/aiscertificacion.com\/en\/download-ais-standard-1\/","url":"https:\/\/aiscertificacion.com\/en\/download-ais-standard-1\/","name":"Download AIS Standard 1 - AIS Certificaci\u00f3n","isPartOf":{"@id":"https:\/\/aiscertificacion.com\/en\/#website"},"datePublished":"2024-10-21T18:10:04+00:00","dateModified":"2024-10-22T16:16:38+00:00","description":"Contact: address and opening hours in Madrid, Spain. We are located at Calle Orense 37, 1\u00ba and open from 9:00 to 18:00.","breadcrumb":{"@id":"https:\/\/aiscertificacion.com\/en\/download-ais-standard-1\/#breadcrumb"},"inLanguage":"en-US","potentialAction":[{"@type":"ReadAction","target":["https:\/\/aiscertificacion.com\/en\/download-ais-standard-1\/"]}]},{"@type":"BreadcrumbList","@id":"https:\/\/aiscertificacion.com\/en\/download-ais-standard-1\/#breadcrumb","itemListElement":[{"@type":"ListItem","position":1,"name":"Portada","item":"https:\/\/aiscertificacion.com\/en\/"},{"@type":"ListItem","position":2,"name":"Download AIS Standard 1"}]},{"@type":"WebSite","@id":"https:\/\/aiscertificacion.com\/en\/#website","url":"https:\/\/aiscertificacion.com\/en\/","name":"AIS Certificaci\u00f3n","description":"AIS Certificaci\u00f3n ofrece servicios especializados en accesibilidad, tanto f\u00edsica como digital, garantizando el cumplimiento de normativas internacionales. A trav\u00e9s de sus certificaciones, ayudan a las organizaciones a crear entornos inclusivos, mejorando la experiencia de todas las personas, incluidas aquellas con discapacidades, y asegurando que sus instalaciones y plataformas digitales sean accesibles para todos.","publisher":{"@id":"https:\/\/aiscertificacion.com\/en\/#organization"},"alternateName":"AIS","potentialAction":[{"@type":"SearchAction","target":{"@type":"EntryPoint","urlTemplate":"https:\/\/aiscertificacion.com\/en\/?s={search_term_string}"},"query-input":{"@type":"PropertyValueSpecification","valueRequired":true,"valueName":"search_term_string"}}],"inLanguage":"en-US"},{"@type":"Organization","@id":"https:\/\/aiscertificacion.com\/en\/#organization","name":"AIS Certificaci\u00f3n","alternateName":"AIS","url":"https:\/\/aiscertificacion.com\/en\/","logo":{"@type":"ImageObject","inLanguage":"en-US","@id":"https:\/\/aiscertificacion.com\/en\/#\/schema\/logo\/image\/","url":"https:\/\/aiscertificacion.com\/wp-content\/uploads\/2024\/07\/cropped-Logo-AIS.png","contentUrl":"https:\/\/aiscertificacion.com\/wp-content\/uploads\/2024\/07\/cropped-Logo-AIS.png","width":512,"height":512,"caption":"AIS Certificaci\u00f3n"},"image":{"@id":"https:\/\/aiscertificacion.com\/en\/#\/schema\/logo\/image\/"},"sameAs":["https:\/\/x.com\/aiscertificate","https:\/\/www.youtube.com\/channel\/UCPDJy-hzmTRWhI1uTTeek5Q","https:\/\/www.linkedin.com\/showcase\/aiscertificacion\/posts\/?feedView=all"]}]}},"_links":{"self":[{"href":"https:\/\/aiscertificacion.com\/en\/wp-json\/wp\/v2\/pages\/25690","targetHints":{"allow":["GET"]}}],"collection":[{"href":"https:\/\/aiscertificacion.com\/en\/wp-json\/wp\/v2\/pages"}],"about":[{"href":"https:\/\/aiscertificacion.com\/en\/wp-json\/wp\/v2\/types\/page"}],"author":[{"embeddable":true,"href":"https:\/\/aiscertificacion.com\/en\/wp-json\/wp\/v2\/users\/1"}],"replies":[{"embeddable":true,"href":"https:\/\/aiscertificacion.com\/en\/wp-json\/wp\/v2\/comments?post=25690"}],"version-history":[{"count":2,"href":"https:\/\/aiscertificacion.com\/en\/wp-json\/wp\/v2\/pages\/25690\/revisions"}],"predecessor-version":[{"id":25694,"href":"https:\/\/aiscertificacion.com\/en\/wp-json\/wp\/v2\/pages\/25690\/revisions\/25694"}],"wp:attachment":[{"href":"https:\/\/aiscertificacion.com\/en\/wp-json\/wp\/v2\/media?parent=25690"}],"curies":[{"name":"wp","href":"https:\/\/api.w.org\/{rel}","templated":true}]}}