{"id":26476,"date":"2025-03-12T11:54:22","date_gmt":"2025-03-12T11:54:22","guid":{"rendered":"https:\/\/aiscertificacion.com\/course-details\/"},"modified":"2025-03-12T12:37:58","modified_gmt":"2025-03-12T12:37:58","slug":"course-details","status":"publish","type":"page","link":"https:\/\/aiscertificacion.com\/en\/course-details\/","title":{"rendered":"Course details"},"content":{"rendered":"\n<div class=\"wp-block-group alignfull is-layout-flow wp-block-group-is-layout-flow\">\nNo course ID provided.\n<\/div>\n\n\n\n<div class=\"wp-block-group has-global-padding is-layout-constrained wp-container-core-group-is-layout-34992a7a wp-block-group-is-layout-constrained\" style=\"margin-top:71px;margin-bottom:104px\">\n<h2 class=\"wp-block-heading has-text-align-center h2\" id=\"h-frequently-asked-questions\">Frequently Asked Questions<\/h2>\n\n\n\n<details class=\"wp-block-details h26 is-layout-flow wp-block-details-is-layout-flow\" style=\"margin-top:54px;font-style:normal;font-weight:400\"><summary>Background and positioning of the AIS System<\/summary>\n<p class=\"has-base-2-background-color has-background\" style=\"margin-top:0;margin-bottom:0;font-size:clamp(0.875rem, 0.875rem + ((1vw - 0.2rem) * 0.178), 1rem);\">AIS evaluates and certifies the level of accessibility of environments, assets and services with a comprehensive approach that includes physical, cognitive and sensory accessibility in grades from 1 to 5 stars.<\/p>\n<\/details>\n\n\n\n<details class=\"wp-block-details h26 is-layout-flow wp-block-details-is-layout-flow\" style=\"font-style:normal;font-weight:400\"><summary>What&#8217;s in it for me as an AIS advisor?<\/summary>\n<p class=\"has-base-2-background-color has-background\" style=\"margin-top:0;margin-bottom:0;font-size:clamp(0.875rem, 0.875rem + ((1vw - 0.2rem) * 0.178), 1rem);\">What&#8217;s in it for me as an AIS advisor?<\/p>\n\n\n\n<ul style=\"font-size:clamp(0.875rem, 0.875rem + ((1vw - 0.2rem) * 0.178), 1rem);line-height:1.5\" class=\"wp-block-list\">\n<li>A proven and effective standard.<\/li>\n\n\n\n<li>The possibility of bidding for public tenders.<\/li>\n\n\n\n<li>use of an APP for data management and analysis.<\/li>\n\n\n\n<li>Detailed update on new legislative developments.<\/li>\n\n\n\n<li>Cross-referencing with ESG, SDGs and DEI criteria.<\/li>\n\n\n\n<li>New business cases.<\/li>\n\n\n\n<li>A communicable brand.<\/li>\n\n\n\n<li>Templates, documentation and rates already established.<\/li>\n\n\n\n<li>And much more&#8230;<\/li>\n<\/ul>\n<\/details>\n\n\n\n<details class=\"wp-block-details h26 is-layout-flow wp-block-details-is-layout-flow\" style=\"font-style:normal;font-weight:400\"><summary>What is the process to become an AIS advisor?<\/summary>\n<ol style=\"font-size:clamp(0.875rem, 0.875rem + ((1vw - 0.2rem) * 0.178), 1rem);\" class=\"wp-block-list\">\n<li style=\"font-size:clamp(0.875rem, 0.875rem + ((1vw - 0.2rem) * 0.178), 1rem);line-height:1.5\">Sign an Authorized Entity (link to the advisors section) or Authorized Professional agreement with the ARS Foundation, creator and international manager of the AIS certificate.<\/li>\n\n\n\n<li style=\"font-size:clamp(0.875rem, 0.875rem + ((1vw - 0.2rem) * 0.178), 1rem);line-height:1.5\">To take the training to become a certified technician or AIS consultant.<\/li>\n<\/ol>\n<\/details>\n\n\n\n<details class=\"wp-block-details h26 is-layout-flow wp-block-details-is-layout-flow\" style=\"font-style:normal;font-weight:400\"><summary>What work does an AIS consultant do?<\/summary>\n<p class=\"has-base-2-background-color has-background\" style=\"margin-top:0;margin-bottom:0;font-size:clamp(0.875rem, 0.875rem + ((1vw - 0.2rem) * 0.178), 1rem);line-height:1.5\">The AIS consultant or AIS Approved Technician takes physical and documentary data of an environment based on the requirements of the AIS 1\/2023 Standard, analyzes them, makes proposals for improvement and makes a proposal for an opinion on the degree of accessibility. In this process, the consultant is assisted by a Technical Auditor. <\/p>\n\n\n\n<p style=\"font-size:clamp(0.875rem, 0.875rem + ((1vw - 0.2rem) * 0.178), 1rem);\">The ARS Foundation analyzes the proposal and issues the AIS certificate.<\/p>\n<\/details>\n\n\n\n<details class=\"wp-block-details h26 is-layout-flow wp-block-details-is-layout-flow\" style=\"font-style:normal;font-weight:400\"><summary>Who is behind the AIS certificate?<\/summary>\n<p class=\"has-base-2-background-color has-background\" style=\"margin-top:0;margin-bottom:0;font-size:clamp(0.875rem, 0.875rem + ((1vw - 0.2rem) * 0.178), 1rem);line-height:1.5\">AIS is a private certification of voluntary application that has been created and is managed at international level by Fundaci\u00f3n ARS, a non-profit organization with years of experience in the social field.<\/p>\n<\/details>\n<\/div>\n","protected":false},"excerpt":{"rendered":"<p>Frequently Asked Questions<\/p>\n","protected":false},"author":1,"featured_media":0,"parent":0,"menu_order":0,"comment_status":"closed","ping_status":"closed","template":"","meta":{"footnotes":""},"class_list":["post-26476","page","type-page","status-publish","hentry"],"yoast_head":"<!-- This site is optimized with the Yoast SEO Premium plugin v26.8 (Yoast SEO v26.8) - https:\/\/yoast.com\/product\/yoast-seo-premium-wordpress\/ -->\n<title>Course details - AIS Certificaci\u00f3n<\/title>\n<meta name=\"robots\" content=\"index, follow, max-snippet:-1, max-image-preview:large, max-video-preview:-1\" \/>\n<link rel=\"canonical\" href=\"https:\/\/aiscertificacion.com\/en\/course-details\/\" \/>\n<meta property=\"og:locale\" content=\"en_US\" \/>\n<meta property=\"og:type\" content=\"article\" \/>\n<meta property=\"og:title\" content=\"Course details\" \/>\n<meta property=\"og:description\" content=\"Frequently Asked Questions\" \/>\n<meta property=\"og:url\" content=\"https:\/\/aiscertificacion.com\/en\/course-details\/\" \/>\n<meta property=\"og:site_name\" content=\"AIS Certificaci\u00f3n\" \/>\n<meta property=\"article:modified_time\" content=\"2025-03-12T12:37:58+00:00\" \/>\n<meta property=\"og:image\" content=\"https:\/\/aiscertificacion.com\/wp-content\/uploads\/2024\/10\/logo-ais-final.png\" \/>\n\t<meta property=\"og:image:width\" content=\"394\" \/>\n\t<meta property=\"og:image:height\" content=\"390\" \/>\n\t<meta property=\"og:image:type\" content=\"image\/png\" \/>\n<meta name=\"twitter:card\" content=\"summary_large_image\" \/>\n<meta name=\"twitter:site\" content=\"@aiscertificate\" \/>\n<meta name=\"twitter:label1\" content=\"Est. reading time\" \/>\n\t<meta name=\"twitter:data1\" content=\"2 minutes\" \/>\n<script type=\"application\/ld+json\" class=\"yoast-schema-graph\">{\"@context\":\"https:\/\/schema.org\",\"@graph\":[{\"@type\":\"WebPage\",\"@id\":\"https:\/\/aiscertificacion.com\/en\/course-details\/\",\"url\":\"https:\/\/aiscertificacion.com\/en\/course-details\/\",\"name\":\"Course details - AIS Certificaci\u00f3n\",\"isPartOf\":{\"@id\":\"https:\/\/aiscertificacion.com\/en\/#website\"},\"datePublished\":\"2025-03-12T11:54:22+00:00\",\"dateModified\":\"2025-03-12T12:37:58+00:00\",\"breadcrumb\":{\"@id\":\"https:\/\/aiscertificacion.com\/en\/course-details\/#breadcrumb\"},\"inLanguage\":\"en-US\",\"potentialAction\":[{\"@type\":\"ReadAction\",\"target\":[\"https:\/\/aiscertificacion.com\/en\/course-details\/\"]}]},{\"@type\":\"BreadcrumbList\",\"@id\":\"https:\/\/aiscertificacion.com\/en\/course-details\/#breadcrumb\",\"itemListElement\":[{\"@type\":\"ListItem\",\"position\":1,\"name\":\"Portada\",\"item\":\"https:\/\/aiscertificacion.com\/en\/\"},{\"@type\":\"ListItem\",\"position\":2,\"name\":\"Course details\"}]},{\"@type\":\"WebSite\",\"@id\":\"https:\/\/aiscertificacion.com\/en\/#website\",\"url\":\"https:\/\/aiscertificacion.com\/en\/\",\"name\":\"AIS Certificaci\u00f3n\",\"description\":\"AIS Certificaci\u00f3n ofrece servicios especializados en accesibilidad, tanto f\u00edsica como digital, garantizando el cumplimiento de normativas internacionales. A trav\u00e9s de sus certificaciones, ayudan a las organizaciones a crear entornos inclusivos, mejorando la experiencia de todas las personas, incluidas aquellas con discapacidades, y asegurando que sus instalaciones y plataformas digitales sean accesibles para todos.\",\"publisher\":{\"@id\":\"https:\/\/aiscertificacion.com\/en\/#organization\"},\"alternateName\":\"AIS\",\"potentialAction\":[{\"@type\":\"SearchAction\",\"target\":{\"@type\":\"EntryPoint\",\"urlTemplate\":\"https:\/\/aiscertificacion.com\/en\/?s={search_term_string}\"},\"query-input\":{\"@type\":\"PropertyValueSpecification\",\"valueRequired\":true,\"valueName\":\"search_term_string\"}}],\"inLanguage\":\"en-US\"},{\"@type\":\"Organization\",\"@id\":\"https:\/\/aiscertificacion.com\/en\/#organization\",\"name\":\"AIS Certificaci\u00f3n\",\"alternateName\":\"AIS\",\"url\":\"https:\/\/aiscertificacion.com\/en\/\",\"logo\":{\"@type\":\"ImageObject\",\"inLanguage\":\"en-US\",\"@id\":\"https:\/\/aiscertificacion.com\/en\/#\/schema\/logo\/image\/\",\"url\":\"https:\/\/aiscertificacion.com\/wp-content\/uploads\/2024\/07\/cropped-Logo-AIS.png\",\"contentUrl\":\"https:\/\/aiscertificacion.com\/wp-content\/uploads\/2024\/07\/cropped-Logo-AIS.png\",\"width\":512,\"height\":512,\"caption\":\"AIS Certificaci\u00f3n\"},\"image\":{\"@id\":\"https:\/\/aiscertificacion.com\/en\/#\/schema\/logo\/image\/\"},\"sameAs\":[\"https:\/\/x.com\/aiscertificate\",\"https:\/\/www.youtube.com\/channel\/UCPDJy-hzmTRWhI1uTTeek5Q\",\"https:\/\/www.linkedin.com\/showcase\/aiscertificacion\/posts\/?feedView=all\"]}]}<\/script>\n<!-- \/ Yoast SEO Premium plugin. -->","yoast_head_json":{"title":"Course details - AIS Certificaci\u00f3n","robots":{"index":"index","follow":"follow","max-snippet":"max-snippet:-1","max-image-preview":"max-image-preview:large","max-video-preview":"max-video-preview:-1"},"canonical":"https:\/\/aiscertificacion.com\/en\/course-details\/","og_locale":"en_US","og_type":"article","og_title":"Course details","og_description":"Frequently Asked Questions","og_url":"https:\/\/aiscertificacion.com\/en\/course-details\/","og_site_name":"AIS Certificaci\u00f3n","article_modified_time":"2025-03-12T12:37:58+00:00","og_image":[{"width":394,"height":390,"url":"https:\/\/aiscertificacion.com\/wp-content\/uploads\/2024\/10\/logo-ais-final.png","type":"image\/png"}],"twitter_card":"summary_large_image","twitter_site":"@aiscertificate","twitter_misc":{"Est. reading time":"2 minutes"},"schema":{"@context":"https:\/\/schema.org","@graph":[{"@type":"WebPage","@id":"https:\/\/aiscertificacion.com\/en\/course-details\/","url":"https:\/\/aiscertificacion.com\/en\/course-details\/","name":"Course details - AIS Certificaci\u00f3n","isPartOf":{"@id":"https:\/\/aiscertificacion.com\/en\/#website"},"datePublished":"2025-03-12T11:54:22+00:00","dateModified":"2025-03-12T12:37:58+00:00","breadcrumb":{"@id":"https:\/\/aiscertificacion.com\/en\/course-details\/#breadcrumb"},"inLanguage":"en-US","potentialAction":[{"@type":"ReadAction","target":["https:\/\/aiscertificacion.com\/en\/course-details\/"]}]},{"@type":"BreadcrumbList","@id":"https:\/\/aiscertificacion.com\/en\/course-details\/#breadcrumb","itemListElement":[{"@type":"ListItem","position":1,"name":"Portada","item":"https:\/\/aiscertificacion.com\/en\/"},{"@type":"ListItem","position":2,"name":"Course details"}]},{"@type":"WebSite","@id":"https:\/\/aiscertificacion.com\/en\/#website","url":"https:\/\/aiscertificacion.com\/en\/","name":"AIS Certificaci\u00f3n","description":"AIS Certificaci\u00f3n ofrece servicios especializados en accesibilidad, tanto f\u00edsica como digital, garantizando el cumplimiento de normativas internacionales. A trav\u00e9s de sus certificaciones, ayudan a las organizaciones a crear entornos inclusivos, mejorando la experiencia de todas las personas, incluidas aquellas con discapacidades, y asegurando que sus instalaciones y plataformas digitales sean accesibles para todos.","publisher":{"@id":"https:\/\/aiscertificacion.com\/en\/#organization"},"alternateName":"AIS","potentialAction":[{"@type":"SearchAction","target":{"@type":"EntryPoint","urlTemplate":"https:\/\/aiscertificacion.com\/en\/?s={search_term_string}"},"query-input":{"@type":"PropertyValueSpecification","valueRequired":true,"valueName":"search_term_string"}}],"inLanguage":"en-US"},{"@type":"Organization","@id":"https:\/\/aiscertificacion.com\/en\/#organization","name":"AIS Certificaci\u00f3n","alternateName":"AIS","url":"https:\/\/aiscertificacion.com\/en\/","logo":{"@type":"ImageObject","inLanguage":"en-US","@id":"https:\/\/aiscertificacion.com\/en\/#\/schema\/logo\/image\/","url":"https:\/\/aiscertificacion.com\/wp-content\/uploads\/2024\/07\/cropped-Logo-AIS.png","contentUrl":"https:\/\/aiscertificacion.com\/wp-content\/uploads\/2024\/07\/cropped-Logo-AIS.png","width":512,"height":512,"caption":"AIS Certificaci\u00f3n"},"image":{"@id":"https:\/\/aiscertificacion.com\/en\/#\/schema\/logo\/image\/"},"sameAs":["https:\/\/x.com\/aiscertificate","https:\/\/www.youtube.com\/channel\/UCPDJy-hzmTRWhI1uTTeek5Q","https:\/\/www.linkedin.com\/showcase\/aiscertificacion\/posts\/?feedView=all"]}]}},"_links":{"self":[{"href":"https:\/\/aiscertificacion.com\/en\/wp-json\/wp\/v2\/pages\/26476","targetHints":{"allow":["GET"]}}],"collection":[{"href":"https:\/\/aiscertificacion.com\/en\/wp-json\/wp\/v2\/pages"}],"about":[{"href":"https:\/\/aiscertificacion.com\/en\/wp-json\/wp\/v2\/types\/page"}],"author":[{"embeddable":true,"href":"https:\/\/aiscertificacion.com\/en\/wp-json\/wp\/v2\/users\/1"}],"replies":[{"embeddable":true,"href":"https:\/\/aiscertificacion.com\/en\/wp-json\/wp\/v2\/comments?post=26476"}],"version-history":[{"count":2,"href":"https:\/\/aiscertificacion.com\/en\/wp-json\/wp\/v2\/pages\/26476\/revisions"}],"predecessor-version":[{"id":26478,"href":"https:\/\/aiscertificacion.com\/en\/wp-json\/wp\/v2\/pages\/26476\/revisions\/26478"}],"wp:attachment":[{"href":"https:\/\/aiscertificacion.com\/en\/wp-json\/wp\/v2\/media?parent=26476"}],"curies":[{"name":"wp","href":"https:\/\/api.w.org\/{rel}","templated":true}]}}